{"id":18154,"date":"2019-06-03T09:15:31","date_gmt":"2019-06-03T07:15:31","guid":{"rendered":"https:\/\/www.bergbauernhilfe.at\/i-soci-fondatori\/"},"modified":"2024-04-05T11:58:32","modified_gmt":"2024-04-05T09:58:32","slug":"i-soci-fondatori","status":"publish","type":"page","link":"https:\/\/www.bergbauernhilfe.it\/it\/i-soci-fondatori\/","title":{"rendered":"I soci fondatori"},"content":{"rendered":"<div class=\"wpb-content-wrapper\"><p>[vc_row css_animation=&#8221;&#8221; row_type=&#8221;row&#8221; use_row_as_full_screen_section=&#8221;no&#8221; type=&#8221;grid&#8221; angled_section=&#8221;no&#8221; text_align=&#8221;left&#8221; background_image_as_pattern=&#8221;without_pattern&#8221; padding_top=&#8221;87&#8243;][vc_column width=&#8221;1\/3&#8243;][vc_separator type=&#8221;transparent&#8221; up=&#8221;7&#8243; down=&#8221;0&#8243;][vc_single_image image=&#8221;29701&#8243; img_size=&#8221;full&#8221; qode_css_animation=&#8221;element_from_left&#8221; transition_delay=&#8221;0.3&#8243;][vc_separator type=&#8221;transparent&#8221; up=&#8221;15&#8243; down=&#8221;0&#8243;][\/vc_column][vc_column width=&#8221;2\/3&#8243;][vc_column_text]<\/p>\n<h2 style=\"text-align: left;\"><strong><a href=\"https:\/\/www.sbb.it\/\" target=\"_blank\" rel=\"noopener noreferrer\"><br \/>\nS\u00fcdtiroler Bauernbund (Unione Coltivatori Diretti dell\u2019Alto Adige \/ S\u00fcdtirol)<\/a><\/strong><\/h2>\n<p>[\/vc_column_text][vc_zigzag color=&#8221;custom&#8221; align=&#8221;left&#8221; el_width=&#8221;10&#8243; el_border_width=&#8221;8&#8243; custom_color=&#8221;#9fa908&#8243; css=&#8221;.vc_custom_1554546746496{margin-top: 0px !important;margin-bottom: 40px !important;}&#8221;][vc_column_text]\u201cLa situazione dei contadini dei masi di alta quota viene spesso citata e descritta non soltanto dall\u2019Unione Agricoltori e Coltivatori Diretti quale associazione di categoria ma anche dai media che la descrivono da svariati punti di vista. Quale per\u00f2 sia lo stato reale, quanto lavoro serva per un raccolto minimo, lo possono scoprire i volontari lavorando per una settimana o pi\u00f9 su uno di questi masi. Vorrei ringraziare tutti quelli che offrono il loro impegno per un volontariato cos\u00ec importante dal punto di vista sociale.\u201d[\/vc_column_text][vc_separator type=&#8221;transparent&#8221; up=&#8221;20&#8243; down=&#8221;16&#8243;][vc_column_text]Daniel Gasser&nbsp;<br \/>\nPresidente dell&#8217;Unione Coltivatori diretti dell&#8217;Alto Adige[\/vc_column_text][\/vc_column][\/vc_row][vc_row css_animation=&#8221;&#8221; row_type=&#8221;row&#8221; use_row_as_full_screen_section=&#8221;no&#8221; type=&#8221;full_width&#8221; angled_section=&#8221;no&#8221; text_align=&#8221;left&#8221; background_image_as_pattern=&#8221;without_pattern&#8221;][vc_column][vc_separator type=&#8221;transparent&#8221; up=&#8221;94&#8243; down=&#8221;0&#8243;][\/vc_column][\/vc_row][vc_row css_animation=&#8221;&#8221; row_type=&#8221;row&#8221; use_row_as_full_screen_section=&#8221;no&#8221; type=&#8221;grid&#8221; angled_section=&#8221;no&#8221; text_align=&#8221;left&#8221; background_image_as_pattern=&#8221;without_pattern&#8221; background_color=&#8221;#ffffff&#8221; padding_top=&#8221;87&#8243;][vc_column width=&#8221;2\/3&#8243;][vc_column_text]<\/p>\n<h2 style=\"text-align: left;\"><a href=\"http:\/\/www.caritas.bz.it\/\" target=\"_blank\" rel=\"noopener noreferrer\"><strong>Caritas diocesana:<\/strong><\/a><\/h2>\n<p>[\/vc_column_text][vc_zigzag color=&#8221;custom&#8221; align=&#8221;left&#8221; el_width=&#8221;10&#8243; el_border_width=&#8221;8&#8243; custom_color=&#8221;#9fa908&#8243; css=&#8221;.vc_custom_1554546746496{margin-top: 0px !important;margin-bottom: 40px !important;}&#8221;][vc_column_text]\u201cFare esperienze, lavorare e passare il tempo assieme, fare conoscenze nuove. Interventi di volontariato combinano l\u2019impegno per altri con un arricchimento personale. Le persone si avvicinano, si integrano e ne traggono reciproco vantaggio.\u201c&nbsp;[\/vc_column_text][vc_separator type=&#8221;transparent&#8221; up=&#8221;20&#8243; down=&#8221;16&#8243;][vc_column_text]Beatrix Mairhofer<br \/>\nDirettrice della Caritas diocesana[\/vc_column_text][vc_separator type=&#8221;transparent&#8221; up=&#8221;15&#8243; down=&#8221;0&#8243;][\/vc_column][vc_column width=&#8221;1\/3&#8243;][vc_separator type=&#8221;transparent&#8221; up=&#8221;7&#8243; down=&#8221;0&#8243;][vc_single_image image=&#8221;26810&#8243; img_size=&#8221;full&#8221; qode_css_animation=&#8221;element_from_right&#8221; transition_delay=&#8221;0.3&#8243;][\/vc_column][\/vc_row][vc_row css_animation=&#8221;&#8221; row_type=&#8221;row&#8221; use_row_as_full_screen_section=&#8221;no&#8221; type=&#8221;full_width&#8221; angled_section=&#8221;no&#8221; text_align=&#8221;left&#8221; background_image_as_pattern=&#8221;without_pattern&#8221; background_color=&#8221;#ffffff&#8221;][vc_column][vc_separator type=&#8221;transparent&#8221; up=&#8221;94&#8243; down=&#8221;0&#8243;][\/vc_column][\/vc_row][vc_row css_animation=&#8221;&#8221; row_type=&#8221;row&#8221; use_row_as_full_screen_section=&#8221;no&#8221; type=&#8221;grid&#8221; angled_section=&#8221;no&#8221; text_align=&#8221;left&#8221; background_image_as_pattern=&#8221;without_pattern&#8221; padding_top=&#8221;87&#8243;][vc_column width=&#8221;1\/3&#8243;][vc_separator type=&#8221;transparent&#8221; up=&#8221;7&#8243; down=&#8221;0&#8243;][vc_single_image image=&#8221;18107&#8243; img_size=&#8221;full&#8221; qode_css_animation=&#8221;element_from_left&#8221; transition_delay=&#8221;0.3&#8243;][vc_separator type=&#8221;transparent&#8221; up=&#8221;15&#8243; down=&#8221;0&#8243;][\/vc_column][vc_column width=&#8221;2\/3&#8243;][vc_column_text]<\/p>\n<h2 style=\"text-align: left;\"><a href=\"http:\/\/www.jugendring.it\/\" target=\"_blank\" rel=\"noopener noreferrer\"><strong>S\u00fcdtiroler Jugendring (Federazione Provinciale delle Organizzazioni Giovanili) <\/strong><\/a><\/h2>\n<p>[\/vc_column_text][vc_zigzag color=&#8221;custom&#8221; align=&#8221;left&#8221; el_width=&#8221;10&#8243; el_border_width=&#8221;8&#8243; custom_color=&#8221;#9fa908&#8243; css=&#8221;.vc_custom_1554546746496{margin-top: 0px !important;margin-bottom: 40px !important;}&#8221;][vc_column_text]Proprio in un periodo di rapidi cambiamenti diventa necessario fermarsi. Uno scambio, anche se breve, tra la vita comoda ma stressante e la vita semplice dei contadini di alta quota pu\u00f2 diventare un\u2019esperienza rigenerante. Allo stesso tempo molte famiglie di contadini dipendono dall\u2019aiuto dei volontari per potere continuare a coltivare la propria terra. L\u2019Associazione Volontariato in Montagna come intermediario tra volontari e contadini svolge, perci\u00f2, un ruolo molto importante. Rappresenta una risposta alla superficialit\u00e0 dei valori della societ\u00e0 di oggi: invece di mirare a un continuo incremento del proprio profitto si fa aumentare la solidariet\u00e0 quotidiana, una grande opportunit\u00e0 da non perdere.\u201d[\/vc_column_text][vc_separator type=&#8221;transparent&#8221; up=&#8221;20&#8243; down=&#8221;16&#8243;][vc_column_text]Tanja Rainer<br \/>\nPresidente della Federazione Provinciale delle Organizzazioni Giovanili[\/vc_column_text][\/vc_column][\/vc_row][vc_row css_animation=&#8221;&#8221; row_type=&#8221;row&#8221; use_row_as_full_screen_section=&#8221;no&#8221; type=&#8221;full_width&#8221; angled_section=&#8221;no&#8221; text_align=&#8221;left&#8221; background_image_as_pattern=&#8221;without_pattern&#8221;][vc_column][vc_separator type=&#8221;transparent&#8221; up=&#8221;94&#8243; down=&#8221;0&#8243;][\/vc_column][\/vc_row][vc_row css_animation=&#8221;&#8221; row_type=&#8221;row&#8221; use_row_as_full_screen_section=&#8221;no&#8221; type=&#8221;grid&#8221; angled_section=&#8221;no&#8221; text_align=&#8221;left&#8221; background_image_as_pattern=&#8221;without_pattern&#8221; background_color=&#8221;#ffffff&#8221; padding_top=&#8221;87&#8243;][vc_column width=&#8221;2\/3&#8243;][vc_column_text]<\/p>\n<h2 style=\"text-align: left;\"><a href=\"http:\/\/www.lebenshilfe.it\/\" target=\"_blank\" rel=\"noopener noreferrer\"><strong>Lebenshilfe ONLUS (Associazione Provinciale Assistenza per Persone in Situazione di Handicap) <\/strong><\/a><\/h2>\n<p>[\/vc_column_text][vc_zigzag color=&#8221;custom&#8221; align=&#8221;left&#8221; el_width=&#8221;10&#8243; el_border_width=&#8221;8&#8243; custom_color=&#8221;#9fa908&#8243; css=&#8221;.vc_custom_1554546746496{margin-top: 0px !important;margin-bottom: 40px !important;}&#8221;][vc_column_text]L\u2019Associazione provinciale assistenza per persone in situazione di handicap ha deciso di essere uno dei soci fondatori dell\u2019Associazione Volontariato in Montagna perch\u00e9 sa che in molti masi d\u2019alta quota oltre al lavoro quotidiano molto duro ci vivono anche persone anziane o in situazione di handicap che hanno bisogno di sostegno ed aiuto. Viviamo in un periodo in cui l\u2019individualit\u00e0 e il desiderio di realizzarsi per molte persone sono prioritari. Spesso per\u00f2 valori come la solidariet\u00e0 e la comprensione nei confronti di persone bisognose non sono considerati importanti.<br \/>\nL\u2019Associazione Volontariato in Montagna rappresenta un segnale che si oppone a questo stile di vita e noi dell&#8217; associazione Lebenshilfe ONLUS siamo lieti che ci siano cos\u00ec tante persone d\u2019ogni et\u00e0 che sono disposte ad aiutare famiglie di contadini d\u2019alta quota.[\/vc_column_text][vc_separator type=&#8221;transparent&#8221; up=&#8221;20&#8243; down=&#8221;16&#8243;][vc_column_text]Dott. Wolfgang Obwexer<br \/>\nPresidente dell\u2019Associazione Provinciale Assistenza per Persone in Situazione di Handicap[\/vc_column_text][\/vc_column][vc_column width=&#8221;1\/3&#8243;][vc_separator type=&#8221;transparent&#8221; up=&#8221;15&#8243; down=&#8221;0&#8243;][vc_single_image image=&#8221;15687&#8243; img_size=&#8221;full&#8221; qode_css_animation=&#8221;element_from_right&#8221; transition_delay=&#8221;0.3&#8243;][\/vc_column][\/vc_row][vc_row css_animation=&#8221;&#8221; row_type=&#8221;row&#8221; use_row_as_full_screen_section=&#8221;no&#8221; type=&#8221;full_width&#8221; angled_section=&#8221;no&#8221; text_align=&#8221;left&#8221; background_image_as_pattern=&#8221;without_pattern&#8221;][vc_column][vc_empty_space][\/vc_column][\/vc_row]<\/p>\n<\/div>","protected":false},"excerpt":{"rendered":"<p>[vc_row css_animation=&#8221;&#8221; row_type=&#8221;row&#8221; use_row_as_full_screen_section=&#8221;no&#8221; type=&#8221;grid&#8221; angled_section=&#8221;no&#8221; text_align=&#8221;left&#8221; background_image_as_pattern=&#8221;without_pattern&#8221; padding_top=&#8221;87&#8243;][vc_column width=&#8221;1\/3&#8243;][vc_separator type=&#8221;transparent&#8221; up=&#8221;7&#8243; down=&#8221;0&#8243;][vc_single_image image=&#8221;29701&#8243; img_size=&#8221;full&#8221; qode_css_animation=&#8221;element_from_left&#8221; transition_delay=&#8221;0.3&#8243;][vc_separator type=&#8221;transparent&#8221; up=&#8221;15&#8243; down=&#8221;0&#8243;][\/vc_column][vc_column width=&#8221;2\/3&#8243;][vc_column_text] S\u00fcdtiroler Bauernbund (Unione Coltivatori Diretti dell\u2019Alto Adige \/ S\u00fcdtirol) [\/vc_column_text][vc_zigzag color=&#8221;custom&#8221; align=&#8221;left&#8221; el_width=&#8221;10&#8243; el_border_width=&#8221;8&#8243; custom_color=&#8221;#9fa908&#8243; css=&#8221;.vc_custom_1554546746496{margin-top: 0px !important;margin-bottom: 40px !important;}&#8221;][vc_column_text]\u201cLa situazione dei contadini dei&#8230;<\/p>\n","protected":false},"author":1,"featured_media":0,"parent":0,"menu_order":0,"comment_status":"open","ping_status":"open","template":"full_width.php","meta":{"ngg_post_thumbnail":0,"footnotes":""},"class_list":["post-18154","page","type-page","status-publish","hentry"],"yoast_head":"<!-- This site is optimized with the Yoast SEO plugin v27.3 - https:\/\/yoast.com\/product\/yoast-seo-wordpress\/ -->\n<title>I soci fondatori - Bergbauernhilfe S\u00fcdtirol<\/title>\n<meta name=\"robots\" content=\"index, follow, max-snippet:-1, max-image-preview:large, max-video-preview:-1\" \/>\n<link rel=\"canonical\" href=\"https:\/\/www.bergbauernhilfe.it\/it\/i-soci-fondatori\/\" \/>\n<meta property=\"og:locale\" content=\"it_IT\" \/>\n<meta property=\"og:type\" content=\"article\" \/>\n<meta property=\"og:title\" content=\"I soci fondatori - Bergbauernhilfe S\u00fcdtirol\" \/>\n<meta property=\"og:description\" content=\"[vc_row css_animation=&#8221;&#8221; row_type=&#8221;row&#8221; use_row_as_full_screen_section=&#8221;no&#8221; type=&#8221;grid&#8221; angled_section=&#8221;no&#8221; text_align=&#8221;left&#8221; background_image_as_pattern=&#8221;without_pattern&#8221; padding_top=&#8221;87&#8243;][vc_column width=&#8221;1\/3&#8243;][vc_separator type=&#8221;transparent&#8221; up=&#8221;7&#8243; down=&#8221;0&#8243;][vc_single_image image=&#8221;29701&#8243; img_size=&#8221;full&#8221; qode_css_animation=&#8221;element_from_left&#8221; transition_delay=&#8221;0.3&#8243;][vc_separator type=&#8221;transparent&#8221; up=&#8221;15&#8243; down=&#8221;0&#8243;][\/vc_column][vc_column width=&#8221;2\/3&#8243;][vc_column_text] S\u00fcdtiroler Bauernbund (Unione Coltivatori Diretti dell\u2019Alto Adige \/ S\u00fcdtirol) [\/vc_column_text][vc_zigzag color=&#8221;custom&#8221; align=&#8221;left&#8221; el_width=&#8221;10&#8243; el_border_width=&#8221;8&#8243; custom_color=&#8221;#9fa908&#8243; css=&#8221;.vc_custom_1554546746496{margin-top: 0px !important;margin-bottom: 40px !important;}&#8221;][vc_column_text]\u201cLa situazione dei contadini dei...\" \/>\n<meta property=\"og:url\" content=\"https:\/\/www.bergbauernhilfe.it\/it\/i-soci-fondatori\/\" \/>\n<meta property=\"og:site_name\" content=\"Bergbauernhilfe S\u00fcdtirol\" \/>\n<meta property=\"article:modified_time\" content=\"2024-04-05T09:58:32+00:00\" \/>\n<meta name=\"twitter:card\" content=\"summary_large_image\" \/>\n<meta name=\"twitter:label1\" content=\"Tempo di lettura stimato\" \/>\n\t<meta name=\"twitter:data1\" content=\"4 minuti\" \/>\n<script type=\"application\/ld+json\" class=\"yoast-schema-graph\">{\"@context\":\"https:\\\/\\\/schema.org\",\"@graph\":[{\"@type\":\"WebPage\",\"@id\":\"https:\\\/\\\/www.bergbauernhilfe.it\\\/it\\\/i-soci-fondatori\\\/\",\"url\":\"https:\\\/\\\/www.bergbauernhilfe.it\\\/it\\\/i-soci-fondatori\\\/\",\"name\":\"I soci fondatori - Bergbauernhilfe S\u00fcdtirol\",\"isPartOf\":{\"@id\":\"https:\\\/\\\/www.bergbauernhilfe.it\\\/#website\"},\"datePublished\":\"2019-06-03T07:15:31+00:00\",\"dateModified\":\"2024-04-05T09:58:32+00:00\",\"breadcrumb\":{\"@id\":\"https:\\\/\\\/www.bergbauernhilfe.it\\\/it\\\/i-soci-fondatori\\\/#breadcrumb\"},\"inLanguage\":\"it-IT\",\"potentialAction\":[{\"@type\":\"ReadAction\",\"target\":[\"https:\\\/\\\/www.bergbauernhilfe.it\\\/it\\\/i-soci-fondatori\\\/\"]}]},{\"@type\":\"BreadcrumbList\",\"@id\":\"https:\\\/\\\/www.bergbauernhilfe.it\\\/it\\\/i-soci-fondatori\\\/#breadcrumb\",\"itemListElement\":[{\"@type\":\"ListItem\",\"position\":1,\"name\":\"Startseite\",\"item\":\"https:\\\/\\\/www.bergbauernhilfe.it\\\/it\\\/\"},{\"@type\":\"ListItem\",\"position\":2,\"name\":\"I soci fondatori\"}]},{\"@type\":\"WebSite\",\"@id\":\"https:\\\/\\\/www.bergbauernhilfe.it\\\/#website\",\"url\":\"https:\\\/\\\/www.bergbauernhilfe.it\\\/\",\"name\":\"Bergbauernhilfe S\u00fcdtirol\",\"description\":\"Freiwillige Arbeitseins\u00e4tze S\u00fcdtirol\",\"potentialAction\":[{\"@type\":\"SearchAction\",\"target\":{\"@type\":\"EntryPoint\",\"urlTemplate\":\"https:\\\/\\\/www.bergbauernhilfe.it\\\/?s={search_term_string}\"},\"query-input\":{\"@type\":\"PropertyValueSpecification\",\"valueRequired\":true,\"valueName\":\"search_term_string\"}}],\"inLanguage\":\"it-IT\"}]}<\/script>\n<!-- \/ Yoast SEO plugin. -->","yoast_head_json":{"title":"I soci fondatori - Bergbauernhilfe S\u00fcdtirol","robots":{"index":"index","follow":"follow","max-snippet":"max-snippet:-1","max-image-preview":"max-image-preview:large","max-video-preview":"max-video-preview:-1"},"canonical":"https:\/\/www.bergbauernhilfe.it\/it\/i-soci-fondatori\/","og_locale":"it_IT","og_type":"article","og_title":"I soci fondatori - Bergbauernhilfe S\u00fcdtirol","og_description":"[vc_row css_animation=&#8221;&#8221; row_type=&#8221;row&#8221; use_row_as_full_screen_section=&#8221;no&#8221; type=&#8221;grid&#8221; angled_section=&#8221;no&#8221; text_align=&#8221;left&#8221; background_image_as_pattern=&#8221;without_pattern&#8221; padding_top=&#8221;87&#8243;][vc_column width=&#8221;1\/3&#8243;][vc_separator type=&#8221;transparent&#8221; up=&#8221;7&#8243; down=&#8221;0&#8243;][vc_single_image image=&#8221;29701&#8243; img_size=&#8221;full&#8221; qode_css_animation=&#8221;element_from_left&#8221; transition_delay=&#8221;0.3&#8243;][vc_separator type=&#8221;transparent&#8221; up=&#8221;15&#8243; down=&#8221;0&#8243;][\/vc_column][vc_column width=&#8221;2\/3&#8243;][vc_column_text] S\u00fcdtiroler Bauernbund (Unione Coltivatori Diretti dell\u2019Alto Adige \/ S\u00fcdtirol) [\/vc_column_text][vc_zigzag color=&#8221;custom&#8221; align=&#8221;left&#8221; el_width=&#8221;10&#8243; el_border_width=&#8221;8&#8243; custom_color=&#8221;#9fa908&#8243; css=&#8221;.vc_custom_1554546746496{margin-top: 0px !important;margin-bottom: 40px !important;}&#8221;][vc_column_text]\u201cLa situazione dei contadini dei...","og_url":"https:\/\/www.bergbauernhilfe.it\/it\/i-soci-fondatori\/","og_site_name":"Bergbauernhilfe S\u00fcdtirol","article_modified_time":"2024-04-05T09:58:32+00:00","twitter_card":"summary_large_image","twitter_misc":{"Tempo di lettura stimato":"4 minuti"},"schema":{"@context":"https:\/\/schema.org","@graph":[{"@type":"WebPage","@id":"https:\/\/www.bergbauernhilfe.it\/it\/i-soci-fondatori\/","url":"https:\/\/www.bergbauernhilfe.it\/it\/i-soci-fondatori\/","name":"I soci fondatori - Bergbauernhilfe S\u00fcdtirol","isPartOf":{"@id":"https:\/\/www.bergbauernhilfe.it\/#website"},"datePublished":"2019-06-03T07:15:31+00:00","dateModified":"2024-04-05T09:58:32+00:00","breadcrumb":{"@id":"https:\/\/www.bergbauernhilfe.it\/it\/i-soci-fondatori\/#breadcrumb"},"inLanguage":"it-IT","potentialAction":[{"@type":"ReadAction","target":["https:\/\/www.bergbauernhilfe.it\/it\/i-soci-fondatori\/"]}]},{"@type":"BreadcrumbList","@id":"https:\/\/www.bergbauernhilfe.it\/it\/i-soci-fondatori\/#breadcrumb","itemListElement":[{"@type":"ListItem","position":1,"name":"Startseite","item":"https:\/\/www.bergbauernhilfe.it\/it\/"},{"@type":"ListItem","position":2,"name":"I soci fondatori"}]},{"@type":"WebSite","@id":"https:\/\/www.bergbauernhilfe.it\/#website","url":"https:\/\/www.bergbauernhilfe.it\/","name":"Bergbauernhilfe S\u00fcdtirol","description":"Freiwillige Arbeitseins\u00e4tze S\u00fcdtirol","potentialAction":[{"@type":"SearchAction","target":{"@type":"EntryPoint","urlTemplate":"https:\/\/www.bergbauernhilfe.it\/?s={search_term_string}"},"query-input":{"@type":"PropertyValueSpecification","valueRequired":true,"valueName":"search_term_string"}}],"inLanguage":"it-IT"}]}},"_links":{"self":[{"href":"https:\/\/www.bergbauernhilfe.it\/it\/wp-json\/wp\/v2\/pages\/18154","targetHints":{"allow":["GET"]}}],"collection":[{"href":"https:\/\/www.bergbauernhilfe.it\/it\/wp-json\/wp\/v2\/pages"}],"about":[{"href":"https:\/\/www.bergbauernhilfe.it\/it\/wp-json\/wp\/v2\/types\/page"}],"author":[{"embeddable":true,"href":"https:\/\/www.bergbauernhilfe.it\/it\/wp-json\/wp\/v2\/users\/1"}],"replies":[{"embeddable":true,"href":"https:\/\/www.bergbauernhilfe.it\/it\/wp-json\/wp\/v2\/comments?post=18154"}],"version-history":[{"count":2,"href":"https:\/\/www.bergbauernhilfe.it\/it\/wp-json\/wp\/v2\/pages\/18154\/revisions"}],"predecessor-version":[{"id":29704,"href":"https:\/\/www.bergbauernhilfe.it\/it\/wp-json\/wp\/v2\/pages\/18154\/revisions\/29704"}],"wp:attachment":[{"href":"https:\/\/www.bergbauernhilfe.it\/it\/wp-json\/wp\/v2\/media?parent=18154"}],"curies":[{"name":"wp","href":"https:\/\/api.w.org\/{rel}","templated":true}]}}