{"id":18156,"date":"2019-06-03T10:36:00","date_gmt":"2019-06-03T08:36:00","guid":{"rendered":"https:\/\/www.bergbauernhilfe.at\/chi-puo-aiutare\/"},"modified":"2024-04-29T07:43:51","modified_gmt":"2024-04-29T05:43:51","slug":"chi-puo-aiutare","status":"publish","type":"page","link":"https:\/\/www.bergbauernhilfe.it\/it\/chi-puo-aiutare\/","title":{"rendered":"Chi pu\u00f2 aiutare?"},"content":{"rendered":"<div class=\"wpb-content-wrapper\"><p>[vc_row css_animation=&#8221;&#8221; row_type=&#8221;row&#8221; use_row_as_full_screen_section=&#8221;no&#8221; type=&#8221;grid&#8221; angled_section=&#8221;no&#8221; text_align=&#8221;left&#8221; background_image_as_pattern=&#8221;without_pattern&#8221; padding_top=&#8221;87&#8243; padding_bottom=&#8221;34&#8243;][vc_column][vc_column_text]<\/p>\n<h2 style=\"text-align: center;\">CHI P\u00d9O AIUTARE?<\/h2>\n<p>[\/vc_column_text][vc_zigzag color=&#8221;custom&#8221; el_width=&#8221;10&#8243; el_border_width=&#8221;8&#8243; custom_color=&#8221;#9fa908&#8243;][vc_empty_space height=&#8221;30px&#8221;][\/vc_column][\/vc_row][vc_row css_animation=&#8221;&#8221; row_type=&#8221;row&#8221; use_row_as_full_screen_section=&#8221;no&#8221; type=&#8221;full_width&#8221; angled_section=&#8221;no&#8221; text_align=&#8221;left&#8221; background_image_as_pattern=&#8221;without_pattern&#8221;][vc_column width=&#8221;1\/6&#8243;][\/vc_column][vc_column width=&#8221;2\/3&#8243;]<div class=\"qode-accordion-holder clearfix qode-accordion qode-initial \">\n\t<h4 class=\"clearfix qode-title-holder\">\n<span class=\"qode-tab-title\">\n\t    <span class=\"qode-tab-title-inner\">\n        Chi \u00e8 stato richiesto?    <\/span>\n<\/span>\n<span class=\"qode-accordion-mark\">\n    <span class=\"qode-accordion-mark-icon\">\n        <span class=\"icon_plus\"><\/span>\n        <span class=\"icon_minus-06\"><\/span>\n    <\/span>\n<\/span>\n<\/h4>\n<div  class=\"qode-accordion-content \" >\n    <div class=\"qode-accordion-content-inner\">\n        [vc_column_text]<\/p>\n<div align=\"justify\">Chiunque abbia raggiunto i 18 anni pu\u00f2 iscriversi per un intervento di volontariato in montagna.&nbsp;Puoi fare un intervento anche con un amico, un&#8217;amica, con tuo marito o con tua moglie.<\/div>\n<p>[\/vc_column_text]    <\/div>\n<\/div><h4 class=\"clearfix qode-title-holder\">\n<span class=\"qode-tab-title\">\n\t    <span class=\"qode-tab-title-inner\">\n        Dove si svolgono gli interventi?    <\/span>\n<\/span>\n<span class=\"qode-accordion-mark\">\n    <span class=\"qode-accordion-mark-icon\">\n        <span class=\"icon_plus\"><\/span>\n        <span class=\"icon_minus-06\"><\/span>\n    <\/span>\n<\/span>\n<\/h4>\n<div  class=\"qode-accordion-content \" >\n    <div class=\"qode-accordion-content-inner\">\n        [vc_column_text]I masi nei quali si svolgono gli interventi di collaborazione volontaria sono situati in Alto Adige. Siccome questa \u00e8 una terra bilingue, il 95% dei contadini parla quasi esclusivamente il tedesco, perci\u00f2 la conoscenza di questa lingua rimane&nbsp;un presupposto fondamentale pur non essendo vincolante: se non si sa parlare in tedesco proveremo a&nbsp;trovare una soluzione alternativa.[\/vc_column_text]    <\/div>\n<\/div><h4 class=\"clearfix qode-title-holder\">\n<span class=\"qode-tab-title\">\n\t    <span class=\"qode-tab-title-inner\">\n        Che cosa devo portare?    <\/span>\n<\/span>\n<span class=\"qode-accordion-mark\">\n    <span class=\"qode-accordion-mark-icon\">\n        <span class=\"icon_plus\"><\/span>\n        <span class=\"icon_minus-06\"><\/span>\n    <\/span>\n<\/span>\n<\/h4>\n<div  class=\"qode-accordion-content \" >\n    <div class=\"qode-accordion-content-inner\">\n        [vc_column_text]Le cose pi\u00f9 importanti per un intervento sono che tu abbia molta iniziativa, voglia di lavorare, amore per la natura, indumenti da lavoro adatti, idonee scarpe da montagna ed eventualmente delle protezioni solari (cappello e crema solare). Ricorda di portare anche indumenti caldi, perch\u00e9 nei masi d&#8217;alta quota anche durante l&#8217;estate le temperature possono scendere di molto.&nbsp;<\/p>\n<p>&nbsp;[\/vc_column_text]    <\/div>\n<\/div><h4 class=\"clearfix qode-title-holder\">\n<span class=\"qode-tab-title\">\n\t    <span class=\"qode-tab-title-inner\">\n        Che cosa viene offerto?    <\/span>\n<\/span>\n<span class=\"qode-accordion-mark\">\n    <span class=\"qode-accordion-mark-icon\">\n        <span class=\"icon_plus\"><\/span>\n        <span class=\"icon_minus-06\"><\/span>\n    <\/span>\n<\/span>\n<\/h4>\n<div  class=\"qode-accordion-content \" >\n    <div class=\"qode-accordion-content-inner\">\n        [vc_column_text]<\/p>\n<div align=\"justify\">Vitto e alloggio sono garantiti, perch\u00e9 vivrai e condividerai la vita quotidiana con la famiglia contadina. Per i volontari sar\u00e0 disponibile una stanza privata, la quale sar\u00e0 stata valutata idonea dall&#8217;associazione durante un precedente sopralluogo.<\/div>\n<div align=\"justify\">Tramite la nostra associazione il volontario viene assicurato contro infortuni e rischi contro terzi.<\/div>\n<p>[\/vc_column_text]    <\/div>\n<\/div><h4 class=\"clearfix qode-title-holder\">\n<span class=\"qode-tab-title\">\n\t    <span class=\"qode-tab-title-inner\">\n        Le garanzie della nostra assicurazione:    <\/span>\n<\/span>\n<span class=\"qode-accordion-mark\">\n    <span class=\"qode-accordion-mark-icon\">\n        <span class=\"icon_plus\"><\/span>\n        <span class=\"icon_minus-06\"><\/span>\n    <\/span>\n<\/span>\n<\/h4>\n<div  class=\"qode-accordion-content \" >\n    <div class=\"qode-accordion-content-inner\">\n        [vc_column_text](Secondo Polizza n. 1155800101295 e 1151400100309 &#8211; Raiffeisen Servizi Assicurativi, Bolzano)<\/p>\n<p><strong>Polizza Infortuni<\/strong><\/p>\n<p>Somma assicurata in caso di morte \u20ac 100.000,00, somma assicurata per invalidit\u00e0 permanente \u20ac 200.000,00, senza franchigia fino ai 100.000 \u20ac, 5 % di franchigia dai 100.000 \u20ac ai 200.000 \u20ac. Valutazione del grado di invalidit\u00e0 determinata secondo tabella INAIL.<\/p>\n<p>Diaria da ricovero per infortunio e in caso di gessatura \u20ac 25,00. Vengono liquidati fino ai 300 giorni in caso di ricovero e fino ai 60 gionri in caso di gessatura per ogni anno assicurativo e\/o per volontario.<\/p>\n<p><strong>Polizza Responsabilit\u00e0 Civile<\/strong><\/p>\n<p>Somma assicurata \u20ac 3.000.000,00; franchigia \u20ac 250,00;<br \/>\nPer i danni causati da propria negligenza risponde il volontario stesso.<br \/>\nUna copia della polizza pu\u00f2 essere richiesta direttamente all\u2019Associazione Volontariato in Montagna (AVM).[\/vc_column_text]    <\/div>\n<\/div><h4 class=\"clearfix qode-title-holder\">\n<span class=\"qode-tab-title\">\n\t    <span class=\"qode-tab-title-inner\">\n        Sicurezza sul Lavoro e protezione dei giovani    <\/span>\n<\/span>\n<span class=\"qode-accordion-mark\">\n    <span class=\"qode-accordion-mark-icon\">\n        <span class=\"icon_plus\"><\/span>\n        <span class=\"icon_minus-06\"><\/span>\n    <\/span>\n<\/span>\n<\/h4>\n<div  class=\"qode-accordion-content \" >\n    <div class=\"qode-accordion-content-inner\">\n        [vc_column_text]<\/p>\n<ul>\n<li>I volontari non possono esercitare alcuna attivit\u00e0 che richiede una formazione specifica..<\/li>\n<li>I macchinari possono essere utilizzati soltanto se si rispettano le norme sulla sicurezza, usando tutte le protezioni antinfortunistiche e seguendo le istruzioni di una persona competente.<\/li>\n<li>Il volontario si obbliga di lasciare iil maso trascorso, dopo periodo prestabilito.<\/li>\n<li>I minori possono accedere al Lavoro volontario dal 16esimo anno d&#8217;et\u00e0 in poi. Se non vengono Accompagnati da un parente o da un rappresentante legale, devono presentare una dichiarazione di assenso da parte di chi ne ha la tutela.<\/li>\n<li>Ai minori \u00e8 vietato il lavoro con macchinari!<\/li>\n<li>Trattandosi di volontariato, non \u00e8 consentito l&#8217;impiego di denaro in alcuna forma.<\/li>\n<\/ul>\n<p>[\/vc_column_text]    <\/div>\n<\/div><h4 class=\"clearfix qode-title-holder\">\n<span class=\"qode-tab-title\">\n\t    <span class=\"qode-tab-title-inner\">\n        In quale periodo serve pi\u00f9 aiuto?    <\/span>\n<\/span>\n<span class=\"qode-accordion-mark\">\n    <span class=\"qode-accordion-mark-icon\">\n        <span class=\"icon_plus\"><\/span>\n        <span class=\"icon_minus-06\"><\/span>\n    <\/span>\n<\/span>\n<\/h4>\n<div  class=\"qode-accordion-content \" >\n    <div class=\"qode-accordion-content-inner\">\n        [vc_column_text]Il periodo di massima necessit\u00e0 per i masi d&#8217;alta quota \u00e8 tra giugno e settembre (periodo della fienagione), ma anche durante il resto dell\u2019anno i contadini hanno bisogno di sostegno.[\/vc_column_text]    <\/div>\n<\/div><h4 class=\"clearfix qode-title-holder\">\n<span class=\"qode-tab-title\">\n\t    <span class=\"qode-tab-title-inner\">\n        Per quanto tempo dovr\u00f2 partecipare?    <\/span>\n<\/span>\n<span class=\"qode-accordion-mark\">\n    <span class=\"qode-accordion-mark-icon\">\n        <span class=\"icon_plus\"><\/span>\n        <span class=\"icon_minus-06\"><\/span>\n    <\/span>\n<\/span>\n<\/h4>\n<div  class=\"qode-accordion-content \" >\n    <div class=\"qode-accordion-content-inner\">\n        [vc_column_text css=&#8221;&#8221;]Il periodo minimo di volontariato \u00e8 di sette giorni (di cui 6 lavorativi). Per il primo intervento consigliamo al massimo due settimane.<br \/>\nPuoi fare anche un intervento di gruppo (3-5&nbsp; persone): in questo caso la durata si limita ad un giorno e l&#8217;intervento verr\u00e0 pianificato flessibilmente con un anticipo di 2-3 giorni).[\/vc_column_text]    <\/div>\n<\/div><h4 class=\"clearfix qode-title-holder\">\n<span class=\"qode-tab-title\">\n\t    <span class=\"qode-tab-title-inner\">\n        Cosa mi aspetta sul maso?    <\/span>\n<\/span>\n<span class=\"qode-accordion-mark\">\n    <span class=\"qode-accordion-mark-icon\">\n        <span class=\"icon_plus\"><\/span>\n        <span class=\"icon_minus-06\"><\/span>\n    <\/span>\n<\/span>\n<\/h4>\n<div  class=\"qode-accordion-content \" >\n    <div class=\"qode-accordion-content-inner\">\n        [vc_column_text]Il tuo intervento di collaborazione volontaria si svolger\u00e0 in un maso altoatesino, dove sarai impegnato soprattutto nei lavori di raccolta nei campi, ma anche in stalla, nei boschi, nei lavori domestici, nella cura dei bambini o con persone anziane o in situazioni di handicap.[\/vc_column_text]    <\/div>\n<\/div><h4 class=\"clearfix qode-title-holder\">\n<span class=\"qode-tab-title\">\n\t    <span class=\"qode-tab-title-inner\">\n        Come posso iscrivermi?    <\/span>\n<\/span>\n<span class=\"qode-accordion-mark\">\n    <span class=\"qode-accordion-mark-icon\">\n        <span class=\"icon_plus\"><\/span>\n        <span class=\"icon_minus-06\"><\/span>\n    <\/span>\n<\/span>\n<\/h4>\n<div  class=\"qode-accordion-content \" >\n    <div class=\"qode-accordion-content-inner\">\n        [vc_column_text]<\/p>\n<div align=\"justify\">\n<p>Fare un intervento volontariato \u00e8 semplicissimo: puoi chiamarci, scriverci una lettera, mandarci una &nbsp;<a href=\"mailto:info@bergbauernhilfe.it\">mail<\/a> o anche venire in ufficio: noi ci occuperemo del resto. Se non hai ancora 18 anni, \u00e8 necessaria anche la&nbsp;dichiarazione di consenso dei tuoi genitori.&nbsp;<\/p>\n<\/div>\n<p>[\/vc_column_text]    <\/div>\n<\/div><h4 class=\"clearfix qode-title-holder\">\n<span class=\"qode-tab-title\">\n\t    <span class=\"qode-tab-title-inner\">\n        Come posso iscrivermi?    <\/span>\n<\/span>\n<span class=\"qode-accordion-mark\">\n    <span class=\"qode-accordion-mark-icon\">\n        <span class=\"icon_plus\"><\/span>\n        <span class=\"icon_minus-06\"><\/span>\n    <\/span>\n<\/span>\n<\/h4>\n<div  class=\"qode-accordion-content \" >\n    <div class=\"qode-accordion-content-inner\">\n        [vc_column_text]Appena avremo ricevuto il tuo modulo d&#8217;iscrizione una collaboratrice dell&#8217;associazione si metter\u00e0 in contatto con te per parlare di un eventuale intervento e anche per conoscerti un po&#8217; meglio a livello personale. Ci interesser\u00e0 conoscere le tue motivazioni, le tue competenze e le tue esperienze; solo cos\u00ec saremo in grado di trovare un maso adatto al tuo intervento. Dopo il nostro colloquio, cercheremo un maso adeguato a te. Un mese prima del tuo intervento receverai via mail o per posta alcune proposte di potenziali masi con le relative descrizioni.[\/vc_column_text]    <\/div>\n<\/div><h4 class=\"clearfix qode-title-holder\">\n<span class=\"qode-tab-title\">\n\t    <span class=\"qode-tab-title-inner\">\n        Che cosa devo fare dopo aver ricevuto le proposte dei masi?    <\/span>\n<\/span>\n<span class=\"qode-accordion-mark\">\n    <span class=\"qode-accordion-mark-icon\">\n        <span class=\"icon_plus\"><\/span>\n        <span class=\"icon_minus-06\"><\/span>\n    <\/span>\n<\/span>\n<\/h4>\n<div  class=\"qode-accordion-content \" >\n    <div class=\"qode-accordion-content-inner\">\n        [vc_column_text]<\/p>\n<div align=\"justify\">Dopo aver ricevuto le proposte dovrai scegliere il maso adatto a te, il maso dove porterai il tuo aiuto. Noi attenderemo la tua decisione (telefonicamente o per mail). Ricevuta quest&#8217;ultima, noi contatteremo il contadino da te scelto e chiariremo con lui i dettagli dell&#8217;intervento. Quando noi e il contadino avremo preso tutti gli accordi necessari e lui ci avr\u00e0 quindi dato il suo pieno assenso, ti contatteremo nuovamente per darti conferma dell&#8217;intervento stesso. A quel punto toccher\u00e0 a te prendere contatto con la famiglia contadina scelta per presentarti, parlare del periodo dell&#8217;intervento e per definire le tue mansioni durante il tuo soggiorno. Quando tutto questo sar\u00e0 chiarito, ti chiediamo di confermarci\/comunicarci i giorni precisi di arrivo e partenza dal maso. Con queste due date stipuleremo la tua assicurazione contro infortuni e responsabilit\u00e0 civile. Di questa riceverai una copia a casa prima che tu parta per l&#8217;intervento.&nbsp;<\/div>\n<div align=\"justify\">&nbsp;<\/div>\n<p>[\/vc_column_text]    <\/div>\n<\/div><\/div>[\/vc_column][vc_column width=&#8221;1\/6&#8243;][\/vc_column][\/vc_row][vc_row css_animation=&#8221;&#8221; row_type=&#8221;row&#8221; use_row_as_full_screen_section=&#8221;no&#8221; type=&#8221;full_width&#8221; angled_section=&#8221;no&#8221; text_align=&#8221;left&#8221; background_image_as_pattern=&#8221;without_pattern&#8221;][vc_column][vc_empty_space height=&#8221;64px&#8221;][\/vc_column][\/vc_row]<\/p>\n<\/div>","protected":false},"excerpt":{"rendered":"<p>[vc_row css_animation=&#8221;&#8221; row_type=&#8221;row&#8221; use_row_as_full_screen_section=&#8221;no&#8221; type=&#8221;grid&#8221; angled_section=&#8221;no&#8221; text_align=&#8221;left&#8221; background_image_as_pattern=&#8221;without_pattern&#8221; padding_top=&#8221;87&#8243; padding_bottom=&#8221;34&#8243;][vc_column][vc_column_text] CHI P\u00d9O AIUTARE? [\/vc_column_text][vc_zigzag color=&#8221;custom&#8221; el_width=&#8221;10&#8243; el_border_width=&#8221;8&#8243; custom_color=&#8221;#9fa908&#8243;][vc_empty_space height=&#8221;30px&#8221;][\/vc_column][\/vc_row][vc_row css_animation=&#8221;&#8221; row_type=&#8221;row&#8221; use_row_as_full_screen_section=&#8221;no&#8221; type=&#8221;full_width&#8221; angled_section=&#8221;no&#8221; text_align=&#8221;left&#8221; background_image_as_pattern=&#8221;without_pattern&#8221;][vc_column width=&#8221;1\/6&#8243;][\/vc_column][vc_column width=&#8221;2\/3&#8243;][\/vc_column][vc_column width=&#8221;1\/6&#8243;][\/vc_column][\/vc_row][vc_row css_animation=&#8221;&#8221; row_type=&#8221;row&#8221; use_row_as_full_screen_section=&#8221;no&#8221; type=&#8221;full_width&#8221; angled_section=&#8221;no&#8221; text_align=&#8221;left&#8221; background_image_as_pattern=&#8221;without_pattern&#8221;][vc_column][vc_empty_space height=&#8221;64px&#8221;][\/vc_column][\/vc_row]<\/p>\n","protected":false},"author":1,"featured_media":0,"parent":0,"menu_order":0,"comment_status":"closed","ping_status":"closed","template":"full_width.php","meta":{"ngg_post_thumbnail":0,"footnotes":""},"class_list":["post-18156","page","type-page","status-publish","hentry"],"yoast_head":"<!-- This site is optimized with the Yoast SEO plugin v27.5 - https:\/\/yoast.com\/product\/yoast-seo-wordpress\/ -->\n<title>Chi pu\u00f2 aiutare? - Bergbauernhilfe S\u00fcdtirol<\/title>\n<meta name=\"robots\" content=\"index, follow, max-snippet:-1, max-image-preview:large, max-video-preview:-1\" \/>\n<link rel=\"canonical\" href=\"https:\/\/www.bergbauernhilfe.it\/it\/chi-puo-aiutare\/\" \/>\n<meta property=\"og:locale\" content=\"it_IT\" \/>\n<meta property=\"og:type\" content=\"article\" \/>\n<meta property=\"og:title\" content=\"Chi pu\u00f2 aiutare? - Bergbauernhilfe S\u00fcdtirol\" \/>\n<meta property=\"og:description\" content=\"[vc_row css_animation=&#8221;&#8221; row_type=&#8221;row&#8221; use_row_as_full_screen_section=&#8221;no&#8221; type=&#8221;grid&#8221; angled_section=&#8221;no&#8221; text_align=&#8221;left&#8221; background_image_as_pattern=&#8221;without_pattern&#8221; padding_top=&#8221;87&#8243; padding_bottom=&#8221;34&#8243;][vc_column][vc_column_text] CHI P\u00d9O AIUTARE? [\/vc_column_text][vc_zigzag color=&#8221;custom&#8221; el_width=&#8221;10&#8243; el_border_width=&#8221;8&#8243; custom_color=&#8221;#9fa908&#8243;][vc_empty_space height=&#8221;30px&#8221;][\/vc_column][\/vc_row][vc_row css_animation=&#8221;&#8221; row_type=&#8221;row&#8221; use_row_as_full_screen_section=&#8221;no&#8221; type=&#8221;full_width&#8221; angled_section=&#8221;no&#8221; text_align=&#8221;left&#8221; background_image_as_pattern=&#8221;without_pattern&#8221;][vc_column width=&#8221;1\/6&#8243;][\/vc_column][vc_column width=&#8221;2\/3&#8243;][\/vc_column][vc_column width=&#8221;1\/6&#8243;][\/vc_column][\/vc_row][vc_row css_animation=&#8221;&#8221; row_type=&#8221;row&#8221; use_row_as_full_screen_section=&#8221;no&#8221; type=&#8221;full_width&#8221; angled_section=&#8221;no&#8221; text_align=&#8221;left&#8221; background_image_as_pattern=&#8221;without_pattern&#8221;][vc_column][vc_empty_space height=&#8221;64px&#8221;][\/vc_column][\/vc_row]\" \/>\n<meta property=\"og:url\" content=\"https:\/\/www.bergbauernhilfe.it\/it\/chi-puo-aiutare\/\" \/>\n<meta property=\"og:site_name\" content=\"Bergbauernhilfe S\u00fcdtirol\" \/>\n<meta property=\"article:modified_time\" content=\"2024-04-29T05:43:51+00:00\" \/>\n<meta name=\"twitter:card\" content=\"summary_large_image\" \/>\n<meta name=\"twitter:label1\" content=\"Tempo di lettura stimato\" \/>\n\t<meta name=\"twitter:data1\" content=\"6 minuti\" \/>\n<script type=\"application\/ld+json\" class=\"yoast-schema-graph\">{\"@context\":\"https:\\\/\\\/schema.org\",\"@graph\":[{\"@type\":\"WebPage\",\"@id\":\"https:\\\/\\\/www.bergbauernhilfe.it\\\/it\\\/chi-puo-aiutare\\\/\",\"url\":\"https:\\\/\\\/www.bergbauernhilfe.it\\\/it\\\/chi-puo-aiutare\\\/\",\"name\":\"Chi pu\u00f2 aiutare? - Bergbauernhilfe S\u00fcdtirol\",\"isPartOf\":{\"@id\":\"https:\\\/\\\/www.bergbauernhilfe.it\\\/#website\"},\"datePublished\":\"2019-06-03T08:36:00+00:00\",\"dateModified\":\"2024-04-29T05:43:51+00:00\",\"breadcrumb\":{\"@id\":\"https:\\\/\\\/www.bergbauernhilfe.it\\\/it\\\/chi-puo-aiutare\\\/#breadcrumb\"},\"inLanguage\":\"it-IT\",\"potentialAction\":[{\"@type\":\"ReadAction\",\"target\":[\"https:\\\/\\\/www.bergbauernhilfe.it\\\/it\\\/chi-puo-aiutare\\\/\"]}]},{\"@type\":\"BreadcrumbList\",\"@id\":\"https:\\\/\\\/www.bergbauernhilfe.it\\\/it\\\/chi-puo-aiutare\\\/#breadcrumb\",\"itemListElement\":[{\"@type\":\"ListItem\",\"position\":1,\"name\":\"Startseite\",\"item\":\"https:\\\/\\\/www.bergbauernhilfe.it\\\/it\\\/\"},{\"@type\":\"ListItem\",\"position\":2,\"name\":\"Chi pu\u00f2 aiutare?\"}]},{\"@type\":\"WebSite\",\"@id\":\"https:\\\/\\\/www.bergbauernhilfe.it\\\/#website\",\"url\":\"https:\\\/\\\/www.bergbauernhilfe.it\\\/\",\"name\":\"Bergbauernhilfe S\u00fcdtirol\",\"description\":\"Freiwillige Arbeitseins\u00e4tze S\u00fcdtirol\",\"potentialAction\":[{\"@type\":\"SearchAction\",\"target\":{\"@type\":\"EntryPoint\",\"urlTemplate\":\"https:\\\/\\\/www.bergbauernhilfe.it\\\/?s={search_term_string}\"},\"query-input\":{\"@type\":\"PropertyValueSpecification\",\"valueRequired\":true,\"valueName\":\"search_term_string\"}}],\"inLanguage\":\"it-IT\"}]}<\/script>\n<!-- \/ Yoast SEO plugin. -->","yoast_head_json":{"title":"Chi pu\u00f2 aiutare? - Bergbauernhilfe S\u00fcdtirol","robots":{"index":"index","follow":"follow","max-snippet":"max-snippet:-1","max-image-preview":"max-image-preview:large","max-video-preview":"max-video-preview:-1"},"canonical":"https:\/\/www.bergbauernhilfe.it\/it\/chi-puo-aiutare\/","og_locale":"it_IT","og_type":"article","og_title":"Chi pu\u00f2 aiutare? - Bergbauernhilfe S\u00fcdtirol","og_description":"[vc_row css_animation=&#8221;&#8221; row_type=&#8221;row&#8221; use_row_as_full_screen_section=&#8221;no&#8221; type=&#8221;grid&#8221; angled_section=&#8221;no&#8221; text_align=&#8221;left&#8221; background_image_as_pattern=&#8221;without_pattern&#8221; padding_top=&#8221;87&#8243; padding_bottom=&#8221;34&#8243;][vc_column][vc_column_text] CHI P\u00d9O AIUTARE? [\/vc_column_text][vc_zigzag color=&#8221;custom&#8221; el_width=&#8221;10&#8243; el_border_width=&#8221;8&#8243; custom_color=&#8221;#9fa908&#8243;][vc_empty_space height=&#8221;30px&#8221;][\/vc_column][\/vc_row][vc_row css_animation=&#8221;&#8221; row_type=&#8221;row&#8221; use_row_as_full_screen_section=&#8221;no&#8221; type=&#8221;full_width&#8221; angled_section=&#8221;no&#8221; text_align=&#8221;left&#8221; background_image_as_pattern=&#8221;without_pattern&#8221;][vc_column width=&#8221;1\/6&#8243;][\/vc_column][vc_column width=&#8221;2\/3&#8243;][\/vc_column][vc_column width=&#8221;1\/6&#8243;][\/vc_column][\/vc_row][vc_row css_animation=&#8221;&#8221; row_type=&#8221;row&#8221; use_row_as_full_screen_section=&#8221;no&#8221; type=&#8221;full_width&#8221; angled_section=&#8221;no&#8221; text_align=&#8221;left&#8221; background_image_as_pattern=&#8221;without_pattern&#8221;][vc_column][vc_empty_space height=&#8221;64px&#8221;][\/vc_column][\/vc_row]","og_url":"https:\/\/www.bergbauernhilfe.it\/it\/chi-puo-aiutare\/","og_site_name":"Bergbauernhilfe S\u00fcdtirol","article_modified_time":"2024-04-29T05:43:51+00:00","twitter_card":"summary_large_image","twitter_misc":{"Tempo di lettura stimato":"6 minuti"},"schema":{"@context":"https:\/\/schema.org","@graph":[{"@type":"WebPage","@id":"https:\/\/www.bergbauernhilfe.it\/it\/chi-puo-aiutare\/","url":"https:\/\/www.bergbauernhilfe.it\/it\/chi-puo-aiutare\/","name":"Chi pu\u00f2 aiutare? - Bergbauernhilfe S\u00fcdtirol","isPartOf":{"@id":"https:\/\/www.bergbauernhilfe.it\/#website"},"datePublished":"2019-06-03T08:36:00+00:00","dateModified":"2024-04-29T05:43:51+00:00","breadcrumb":{"@id":"https:\/\/www.bergbauernhilfe.it\/it\/chi-puo-aiutare\/#breadcrumb"},"inLanguage":"it-IT","potentialAction":[{"@type":"ReadAction","target":["https:\/\/www.bergbauernhilfe.it\/it\/chi-puo-aiutare\/"]}]},{"@type":"BreadcrumbList","@id":"https:\/\/www.bergbauernhilfe.it\/it\/chi-puo-aiutare\/#breadcrumb","itemListElement":[{"@type":"ListItem","position":1,"name":"Startseite","item":"https:\/\/www.bergbauernhilfe.it\/it\/"},{"@type":"ListItem","position":2,"name":"Chi pu\u00f2 aiutare?"}]},{"@type":"WebSite","@id":"https:\/\/www.bergbauernhilfe.it\/#website","url":"https:\/\/www.bergbauernhilfe.it\/","name":"Bergbauernhilfe S\u00fcdtirol","description":"Freiwillige Arbeitseins\u00e4tze S\u00fcdtirol","potentialAction":[{"@type":"SearchAction","target":{"@type":"EntryPoint","urlTemplate":"https:\/\/www.bergbauernhilfe.it\/?s={search_term_string}"},"query-input":{"@type":"PropertyValueSpecification","valueRequired":true,"valueName":"search_term_string"}}],"inLanguage":"it-IT"}]}},"_links":{"self":[{"href":"https:\/\/www.bergbauernhilfe.it\/it\/wp-json\/wp\/v2\/pages\/18156","targetHints":{"allow":["GET"]}}],"collection":[{"href":"https:\/\/www.bergbauernhilfe.it\/it\/wp-json\/wp\/v2\/pages"}],"about":[{"href":"https:\/\/www.bergbauernhilfe.it\/it\/wp-json\/wp\/v2\/types\/page"}],"author":[{"embeddable":true,"href":"https:\/\/www.bergbauernhilfe.it\/it\/wp-json\/wp\/v2\/users\/1"}],"replies":[{"embeddable":true,"href":"https:\/\/www.bergbauernhilfe.it\/it\/wp-json\/wp\/v2\/comments?post=18156"}],"version-history":[{"count":3,"href":"https:\/\/www.bergbauernhilfe.it\/it\/wp-json\/wp\/v2\/pages\/18156\/revisions"}],"predecessor-version":[{"id":29930,"href":"https:\/\/www.bergbauernhilfe.it\/it\/wp-json\/wp\/v2\/pages\/18156\/revisions\/29930"}],"wp:attachment":[{"href":"https:\/\/www.bergbauernhilfe.it\/it\/wp-json\/wp\/v2\/media?parent=18156"}],"curies":[{"name":"wp","href":"https:\/\/api.w.org\/{rel}","templated":true}]}}