{"id":18165,"date":"2019-06-03T10:56:11","date_gmt":"2019-06-03T08:56:11","guid":{"rendered":"https:\/\/www.bergbauernhilfe.at\/un-po-di-storia\/"},"modified":"2019-06-03T11:04:03","modified_gmt":"2019-06-03T09:04:03","slug":"la_nostra_storia","status":"publish","type":"page","link":"https:\/\/www.bergbauernhilfe.it\/it\/la_nostra_storia\/","title":{"rendered":"La nostra storia"},"content":{"rendered":"<div class=\"wpb-content-wrapper\"><p>[vc_row css_animation=&#8221;&#8221; row_type=&#8221;row&#8221; use_row_as_full_screen_section=&#8221;no&#8221; type=&#8221;grid&#8221; angled_section=&#8221;no&#8221; text_align=&#8221;left&#8221; background_image_as_pattern=&#8221;without_pattern&#8221; background_color=&#8221;#ffffff&#8221; padding_top=&#8221;87&#8243; padding_bottom=&#8221;0&#8243; css=&#8221;.vc_custom_1554535122075{margin-bottom: 0px !important;}&#8221; z_index=&#8221;&#8221;][vc_column][vc_column_text]<\/p>\n<h2 style=\"text-align: center;\">LA NOSTRA STORIA<\/h2>\n<p>[\/vc_column_text][vc_zigzag color=&#8221;custom&#8221; el_width=&#8221;10&#8243; el_border_width=&#8221;8&#8243; custom_color=&#8221;#9fa908&#8243; css=&#8221;.vc_custom_1551436279935{border-bottom-width: 20px !important;}&#8221;][vc_empty_space height=&#8221;40px&#8221;][vc_column_text]<\/p>\n<div align=\"justify\">L\u2019idea di organizzare gli interventi di collaborazione volontaria nasce dall\u2019esperienza del Fondo di Sostegno Rurale che ha mostrato come il sostegno finanziario spesso non basti per far fronte a situazioni difficili.<\/div>\n<div align=\"justify\">Allo stesso tempo Johann Wick aveva presentato una ricerca, nella quale esaminava il modello di intervento di volontariato in masi di alta quota svizzeri e lo aveva applicato all\u2019Alto Adige \/ S\u00fcdtirol. La ricerca si concentrava su piccoli Comuni con un basso livello di infrastrutture della Valle Aurina, della Val Sarentino e della Val d\u2019Ultimo.<\/div>\n<p>[\/vc_column_text][vc_empty_space height=&#8221;40px&#8221;][vc_zigzag color=&#8221;custom&#8221; el_width=&#8221;10&#8243; el_border_width=&#8221;8&#8243; custom_color=&#8221;#9fa908&#8243; css=&#8221;.vc_custom_1551436279935{border-bottom-width: 20px !important;}&#8221;][\/vc_column][\/vc_row][vc_row css_animation=&#8221;&#8221; row_type=&#8221;row&#8221; use_row_as_full_screen_section=&#8221;no&#8221; type=&#8221;grid&#8221; angled_section=&#8221;no&#8221; text_align=&#8221;left&#8221; background_image_as_pattern=&#8221;without_pattern&#8221; background_color=&#8221;#ffffff&#8221; padding_top=&#8221;50&#8243; padding_bottom=&#8221;10&#8243; z_index=&#8221;&#8221;][vc_column][vc_column_text]<\/p>\n<div align=\"justify\">\n<p style=\"text-align: left;\"><span class='highlight'> 1996 <\/span>&nbsp; &nbsp;i primi interventi vengono svolti nei Comuni inizialmente oggetto della ricerca di Wick, Johann: \u201eFreiwilligeneins\u00e4tze auf Bergbauernh\u00f6fen in der Schweiz als Modell f\u00fcr S\u00fcdtirol\u201c (Interventi di volontariato su masi di alta quota della Svizzera come modello per l\u2019Alto Adige) &#8211; Tesi di laurea non pubblicata, Universit\u00e0 di Regensburg, 1992. Coordinatore degli interventi: Markus Breitenberger;<\/p>\n<p>&nbsp;<\/p>\n<p style=\"text-align: left;\"><span class='highlight'> 1997 <\/span>&nbsp; &nbsp;viene fondata l\u2019Associazione Volontariato in Montagna in Alto Adige \/ S\u00fcdtirol dai quattro soci fondatori: Caritas Diocesana, Associazione provinciale assistenza per persone in situazione di handicap, l\u2019Unione Agricoltori e Coltivatori Diretti dell\u2019Alto Adige \/ S\u00fcdtirol e la Federazione Provinciale delle Organizzazioni Giovanili;<\/p>\n<p>&nbsp;<\/p>\n<p style=\"text-align: left;\"><span class='highlight'> 1998 <\/span>&nbsp; &nbsp;l\u2019area per gli interventi viene allargata a tutto l\u2019Alto Adige \/ S\u00fcdtirol;<\/p>\n<p>&nbsp;<\/p>\n<p style=\"text-align: left;\"><span class='highlight'> 2002 <\/span>&nbsp; &nbsp;G\u00fcnter Falser \u00e8 il nuovo coordinatore degli interventi.<\/p>\n<p>&nbsp;<\/p>\n<p style=\"text-align: left;\"><span class='highlight'> 2005 <\/span>&nbsp; &nbsp;viene pubblicato il film sui interventi volontari in montagna di Andrea Lanzi<\/p>\n<p>&nbsp;<\/p>\n<p style=\"text-align: left;\"><span class='highlight'> 2007 <\/span>&nbsp; &nbsp;Monika Thaler \u00e8 la nuova coordinatrice dell\u2019Associazione<\/p>\n<p>&nbsp;<\/p>\n<p style=\"text-align: left;\"><span class='highlight'> 2012 <\/span>&nbsp; &nbsp;Per la prima volta pi\u00f9 di 2.000 persone si sono iscritte per un intervento di volontariato in montagna.<\/p>\n<p>&nbsp;<\/p>\n<p style=\"text-align: left;\"><span class='highlight'> 2013 <\/span>&nbsp; &nbsp;\u00c8 stato raggiunto un nuovo record relativo al Numero di giornate di intervento: pi\u00f9 di 20.000 sono stati i giorni che Hanno visto i volontari impegnati in aiuto dei masi altoatesini.<\/p>\n<p>&nbsp;<\/p>\n<p style=\"text-align: left;\"><span class='highlight'> 2016 <\/span>&nbsp; &nbsp;L&#8217;Associazione Volontariato in Montagna festeggia il 20\u00b0anniversario.<\/p>\n<\/div>\n<p>&nbsp;[\/vc_column_text][vc_separator type=&#8221;transparent&#8221; up=&#8221;35&#8243; down=&#8221;22&#8243;][vc_separator type=&#8221;transparent&#8221; up=&#8221;-35&#8243; down=&#8221;0&#8243;][\/vc_column][\/vc_row]<\/p>\n<\/div>","protected":false},"excerpt":{"rendered":"<p>[vc_row css_animation=&#8221;&#8221; row_type=&#8221;row&#8221; use_row_as_full_screen_section=&#8221;no&#8221; type=&#8221;grid&#8221; angled_section=&#8221;no&#8221; text_align=&#8221;left&#8221; background_image_as_pattern=&#8221;without_pattern&#8221; background_color=&#8221;#ffffff&#8221; padding_top=&#8221;87&#8243; padding_bottom=&#8221;0&#8243; css=&#8221;.vc_custom_1554535122075{margin-bottom: 0px !important;}&#8221; z_index=&#8221;&#8221;][vc_column][vc_column_text] LA NOSTRA STORIA [\/vc_column_text][vc_zigzag color=&#8221;custom&#8221; el_width=&#8221;10&#8243; el_border_width=&#8221;8&#8243; custom_color=&#8221;#9fa908&#8243; css=&#8221;.vc_custom_1551436279935{border-bottom-width: 20px !important;}&#8221;][vc_empty_space height=&#8221;40px&#8221;][vc_column_text] L\u2019idea di organizzare gli interventi di collaborazione volontaria nasce dall\u2019esperienza del Fondo di Sostegno Rurale che ha mostrato&#8230;<\/p>\n","protected":false},"author":1,"featured_media":0,"parent":0,"menu_order":0,"comment_status":"open","ping_status":"open","template":"full_width.php","meta":{"ngg_post_thumbnail":0,"footnotes":""},"class_list":["post-18165","page","type-page","status-publish","hentry"],"yoast_head":"<!-- This site is optimized with the Yoast SEO plugin v27.6 - https:\/\/yoast.com\/product\/yoast-seo-wordpress\/ -->\n<title>La nostra storia - Bergbauernhilfe S\u00fcdtirol<\/title>\n<meta name=\"robots\" content=\"index, follow, max-snippet:-1, max-image-preview:large, max-video-preview:-1\" \/>\n<link rel=\"canonical\" href=\"https:\/\/www.bergbauernhilfe.it\/it\/la_nostra_storia\/\" \/>\n<meta property=\"og:locale\" content=\"it_IT\" \/>\n<meta property=\"og:type\" content=\"article\" \/>\n<meta property=\"og:title\" content=\"La nostra storia - Bergbauernhilfe S\u00fcdtirol\" \/>\n<meta property=\"og:description\" content=\"[vc_row css_animation=&#8221;&#8221; row_type=&#8221;row&#8221; use_row_as_full_screen_section=&#8221;no&#8221; type=&#8221;grid&#8221; angled_section=&#8221;no&#8221; text_align=&#8221;left&#8221; background_image_as_pattern=&#8221;without_pattern&#8221; background_color=&#8221;#ffffff&#8221; padding_top=&#8221;87&#8243; padding_bottom=&#8221;0&#8243; css=&#8221;.vc_custom_1554535122075{margin-bottom: 0px !important;}&#8221; z_index=&#8221;&#8221;][vc_column][vc_column_text] LA NOSTRA STORIA [\/vc_column_text][vc_zigzag color=&#8221;custom&#8221; el_width=&#8221;10&#8243; el_border_width=&#8221;8&#8243; custom_color=&#8221;#9fa908&#8243; css=&#8221;.vc_custom_1551436279935{border-bottom-width: 20px !important;}&#8221;][vc_empty_space height=&#8221;40px&#8221;][vc_column_text] L\u2019idea di organizzare gli interventi di collaborazione volontaria nasce dall\u2019esperienza del Fondo di Sostegno Rurale che ha mostrato...\" \/>\n<meta property=\"og:url\" content=\"https:\/\/www.bergbauernhilfe.it\/it\/la_nostra_storia\/\" \/>\n<meta property=\"og:site_name\" content=\"Bergbauernhilfe S\u00fcdtirol\" \/>\n<meta property=\"article:modified_time\" content=\"2019-06-03T09:04:03+00:00\" \/>\n<meta name=\"twitter:card\" content=\"summary_large_image\" \/>\n<meta name=\"twitter:label1\" content=\"Tempo di lettura stimato\" \/>\n\t<meta name=\"twitter:data1\" content=\"3 minuti\" \/>\n<script type=\"application\/ld+json\" class=\"yoast-schema-graph\">{\"@context\":\"https:\\\/\\\/schema.org\",\"@graph\":[{\"@type\":\"WebPage\",\"@id\":\"https:\\\/\\\/www.bergbauernhilfe.it\\\/it\\\/la_nostra_storia\\\/\",\"url\":\"https:\\\/\\\/www.bergbauernhilfe.it\\\/it\\\/la_nostra_storia\\\/\",\"name\":\"La nostra storia - Bergbauernhilfe S\u00fcdtirol\",\"isPartOf\":{\"@id\":\"https:\\\/\\\/www.bergbauernhilfe.it\\\/#website\"},\"datePublished\":\"2019-06-03T08:56:11+00:00\",\"dateModified\":\"2019-06-03T09:04:03+00:00\",\"breadcrumb\":{\"@id\":\"https:\\\/\\\/www.bergbauernhilfe.it\\\/it\\\/la_nostra_storia\\\/#breadcrumb\"},\"inLanguage\":\"it-IT\",\"potentialAction\":[{\"@type\":\"ReadAction\",\"target\":[\"https:\\\/\\\/www.bergbauernhilfe.it\\\/it\\\/la_nostra_storia\\\/\"]}]},{\"@type\":\"BreadcrumbList\",\"@id\":\"https:\\\/\\\/www.bergbauernhilfe.it\\\/it\\\/la_nostra_storia\\\/#breadcrumb\",\"itemListElement\":[{\"@type\":\"ListItem\",\"position\":1,\"name\":\"Startseite\",\"item\":\"https:\\\/\\\/www.bergbauernhilfe.it\\\/it\\\/\"},{\"@type\":\"ListItem\",\"position\":2,\"name\":\"La nostra storia\"}]},{\"@type\":\"WebSite\",\"@id\":\"https:\\\/\\\/www.bergbauernhilfe.it\\\/#website\",\"url\":\"https:\\\/\\\/www.bergbauernhilfe.it\\\/\",\"name\":\"Bergbauernhilfe S\u00fcdtirol\",\"description\":\"Freiwillige Arbeitseins\u00e4tze S\u00fcdtirol\",\"potentialAction\":[{\"@type\":\"SearchAction\",\"target\":{\"@type\":\"EntryPoint\",\"urlTemplate\":\"https:\\\/\\\/www.bergbauernhilfe.it\\\/?s={search_term_string}\"},\"query-input\":{\"@type\":\"PropertyValueSpecification\",\"valueRequired\":true,\"valueName\":\"search_term_string\"}}],\"inLanguage\":\"it-IT\"}]}<\/script>\n<!-- \/ Yoast SEO plugin. -->","yoast_head_json":{"title":"La nostra storia - Bergbauernhilfe S\u00fcdtirol","robots":{"index":"index","follow":"follow","max-snippet":"max-snippet:-1","max-image-preview":"max-image-preview:large","max-video-preview":"max-video-preview:-1"},"canonical":"https:\/\/www.bergbauernhilfe.it\/it\/la_nostra_storia\/","og_locale":"it_IT","og_type":"article","og_title":"La nostra storia - Bergbauernhilfe S\u00fcdtirol","og_description":"[vc_row css_animation=&#8221;&#8221; row_type=&#8221;row&#8221; use_row_as_full_screen_section=&#8221;no&#8221; type=&#8221;grid&#8221; angled_section=&#8221;no&#8221; text_align=&#8221;left&#8221; background_image_as_pattern=&#8221;without_pattern&#8221; background_color=&#8221;#ffffff&#8221; padding_top=&#8221;87&#8243; padding_bottom=&#8221;0&#8243; css=&#8221;.vc_custom_1554535122075{margin-bottom: 0px !important;}&#8221; z_index=&#8221;&#8221;][vc_column][vc_column_text] LA NOSTRA STORIA [\/vc_column_text][vc_zigzag color=&#8221;custom&#8221; el_width=&#8221;10&#8243; el_border_width=&#8221;8&#8243; custom_color=&#8221;#9fa908&#8243; css=&#8221;.vc_custom_1551436279935{border-bottom-width: 20px !important;}&#8221;][vc_empty_space height=&#8221;40px&#8221;][vc_column_text] L\u2019idea di organizzare gli interventi di collaborazione volontaria nasce dall\u2019esperienza del Fondo di Sostegno Rurale che ha mostrato...","og_url":"https:\/\/www.bergbauernhilfe.it\/it\/la_nostra_storia\/","og_site_name":"Bergbauernhilfe S\u00fcdtirol","article_modified_time":"2019-06-03T09:04:03+00:00","twitter_card":"summary_large_image","twitter_misc":{"Tempo di lettura stimato":"3 minuti"},"schema":{"@context":"https:\/\/schema.org","@graph":[{"@type":"WebPage","@id":"https:\/\/www.bergbauernhilfe.it\/it\/la_nostra_storia\/","url":"https:\/\/www.bergbauernhilfe.it\/it\/la_nostra_storia\/","name":"La nostra storia - Bergbauernhilfe S\u00fcdtirol","isPartOf":{"@id":"https:\/\/www.bergbauernhilfe.it\/#website"},"datePublished":"2019-06-03T08:56:11+00:00","dateModified":"2019-06-03T09:04:03+00:00","breadcrumb":{"@id":"https:\/\/www.bergbauernhilfe.it\/it\/la_nostra_storia\/#breadcrumb"},"inLanguage":"it-IT","potentialAction":[{"@type":"ReadAction","target":["https:\/\/www.bergbauernhilfe.it\/it\/la_nostra_storia\/"]}]},{"@type":"BreadcrumbList","@id":"https:\/\/www.bergbauernhilfe.it\/it\/la_nostra_storia\/#breadcrumb","itemListElement":[{"@type":"ListItem","position":1,"name":"Startseite","item":"https:\/\/www.bergbauernhilfe.it\/it\/"},{"@type":"ListItem","position":2,"name":"La nostra storia"}]},{"@type":"WebSite","@id":"https:\/\/www.bergbauernhilfe.it\/#website","url":"https:\/\/www.bergbauernhilfe.it\/","name":"Bergbauernhilfe S\u00fcdtirol","description":"Freiwillige Arbeitseins\u00e4tze S\u00fcdtirol","potentialAction":[{"@type":"SearchAction","target":{"@type":"EntryPoint","urlTemplate":"https:\/\/www.bergbauernhilfe.it\/?s={search_term_string}"},"query-input":{"@type":"PropertyValueSpecification","valueRequired":true,"valueName":"search_term_string"}}],"inLanguage":"it-IT"}]}},"_links":{"self":[{"href":"https:\/\/www.bergbauernhilfe.it\/it\/wp-json\/wp\/v2\/pages\/18165","targetHints":{"allow":["GET"]}}],"collection":[{"href":"https:\/\/www.bergbauernhilfe.it\/it\/wp-json\/wp\/v2\/pages"}],"about":[{"href":"https:\/\/www.bergbauernhilfe.it\/it\/wp-json\/wp\/v2\/types\/page"}],"author":[{"embeddable":true,"href":"https:\/\/www.bergbauernhilfe.it\/it\/wp-json\/wp\/v2\/users\/1"}],"replies":[{"embeddable":true,"href":"https:\/\/www.bergbauernhilfe.it\/it\/wp-json\/wp\/v2\/comments?post=18165"}],"version-history":[{"count":0,"href":"https:\/\/www.bergbauernhilfe.it\/it\/wp-json\/wp\/v2\/pages\/18165\/revisions"}],"wp:attachment":[{"href":"https:\/\/www.bergbauernhilfe.it\/it\/wp-json\/wp\/v2\/media?parent=18165"}],"curies":[{"name":"wp","href":"https:\/\/api.w.org\/{rel}","templated":true}]}}