{"id":18233,"date":"2019-06-06T11:12:18","date_gmt":"2019-06-06T09:12:18","guid":{"rendered":"https:\/\/www.bergbauernhilfe.at\/donazioni\/"},"modified":"2025-10-15T09:06:50","modified_gmt":"2025-10-15T07:06:50","slug":"donazioni","status":"publish","type":"page","link":"https:\/\/www.bergbauernhilfe.it\/it\/donazioni\/","title":{"rendered":"Donazioni"},"content":{"rendered":"<div class=\"wpb-content-wrapper\"><p>[vc_row css_animation=&#8221;&#8221; row_type=&#8221;row&#8221; use_row_as_full_screen_section=&#8221;no&#8221; type=&#8221;full_width&#8221; angled_section=&#8221;no&#8221; text_align=&#8221;left&#8221; background_image_as_pattern=&#8221;without_pattern&#8221;][vc_column][vc_empty_space height=&#8221;50px&#8221;][vc_column_text]<\/p>\n<h2 style=\"text-align: center;\">Sosteneteci con un&#8217;offerta:<\/h2>\n<p>[\/vc_column_text][\/vc_column][\/vc_row][vc_row css_animation=&#8221;&#8221; row_type=&#8221;row&#8221; use_row_as_full_screen_section=&#8221;no&#8221; type=&#8221;full_width&#8221; angled_section=&#8221;no&#8221; text_align=&#8221;left&#8221; background_image_as_pattern=&#8221;without_pattern&#8221;][vc_column][vc_zigzag color=&#8221;custom&#8221; el_width=&#8221;10&#8243; el_border_width=&#8221;8&#8243; custom_color=&#8221;#9fa908&#8243;][vc_empty_space height=&#8221;60px&#8221;][\/vc_column][\/vc_row][vc_row css_animation=&#8221;&#8221; row_type=&#8221;row&#8221; use_row_as_full_screen_section=&#8221;no&#8221; type=&#8221;full_width&#8221; angled_section=&#8221;no&#8221; text_align=&#8221;left&#8221; background_image_as_pattern=&#8221;without_pattern&#8221; z_index=&#8221;&#8221;][vc_column width=&#8221;1\/2&#8243;][vc_column_text]Sosteneteci con un&#8217;offerta oppure sottoscrivete per l&#8217;Associazione&nbsp; Volontariato&nbsp;in&nbsp;Montagna.<\/p>\n<p><strong>Partita IVA: 94058610216<\/strong>&nbsp;<\/p>\n<p>&nbsp;<\/p>\n<p>Diventa <strong>socio<\/strong>!<\/p>\n<p>C&#8217;\u00e8 la possibilit\u00e0 di diventare <strong>sostenitore dell&#8217;associazione<\/strong>. L&#8217;associazione pu\u00f2 assumere persone, che concordano con gli obiettivi dell&#8217;associazione e la sostengono con le loro donazioni come sostenitori. L&#8217;importo minimo della donazione con cui si \u00e8 considerati sostenitore \u00e8 di \u20ac 100,00. Interessati presentano una richiesta scritta di accettazione al consiglio di amministrazione. Dopo una valutazione positiva della richiesta da parte del consiglio di amministrazione, il sostenitore versa il contributo annuale. In caso di mancato pagamento del contributo il sostenitore \u00e8 automaticamente escluso. I sostenitori sono invitati all&#8217;assemblea generale e alla festa di ringraziamento.[\/vc_column_text][vc_empty_space]<div class='q_icon_with_title tiny normal_icon center qode-iwt-content-alignment-left '><div class=\"icon_holder \" style=\" \"><span data-icon-type=\"normal\" class=\"qode_iwt_icon_holder q_font_awsome_icon fa-lg  \"><i class=\"qode_icon_font_awesome fa fa-heart qode_iwt_icon_element\" style=\"color: #9fa908\"><\/i><\/span><\/div><div class=\"icon_text_holder\" style=\"\"><div class=\"icon_text_inner\" style=\"\"><h2 class=\"icon_title\" style=\"\">GRAZIE<\/h2><p style='color: #9fa908'>Ogni donazione aiuta<\/p><\/div><\/div><\/div>[\/vc_column][vc_column width=&#8221;1\/2&#8243; css=&#8221;.vc_custom_1558195624014{background-color: #9fa908 !important;border-radius: 5px !important;}&#8221;][vc_column_text el_class=&#8221;textbox&#8221;]<\/p>\n<p style=\"text-align: center;\"><strong>Cassa Raiffeisen Bolzano:<\/strong><br \/>\nIBAN: IT 91 X 08081 11600 000300026573<br \/>\nSWIFT-BIC: RZSBIT 21003<\/p>\n<p>[\/vc_column_text][vc_zigzag color=&#8221;custom&#8221; el_width=&#8221;10&#8243; el_border_width=&#8221;8&#8243; custom_color=&#8221;#ffffff&#8221;][vc_column_text el_class=&#8221;textbox&#8221;]<\/p>\n<p style=\"text-align: center;\"><strong>Cassa di risparmio:<\/strong><br \/>\nIBAN: IT 76 N 06045 11605 000005000626&nbsp;<br \/>\nSWIFT-BIC: CRBZIT21005<\/p>\n<p>[\/vc_column_text][vc_empty_space][vc_hoverbox image=&#8221;34354&#8243; primary_title=&#8221;&#8221; hover_title=&#8221;&#8221; el_width=&#8221;60&#8243;]Il sigillo <strong>&#8220;Donazioni Sicure&#8221;<\/strong> rappresenta un\u2019affidabilit\u00e0 verificata e garantisce che le donazioni in Alto Adige siano gestite con la massima cura e trasparenza. \u00c8 un segno importante per i donatori, che possono cos\u00ec essere certi che il loro sostegno sia in mani affidabili.[\/vc_hoverbox][vc_empty_space][\/vc_column][\/vc_row][vc_row css_animation=&#8221;&#8221; row_type=&#8221;row&#8221; use_row_as_full_screen_section=&#8221;no&#8221; type=&#8221;full_width&#8221; angled_section=&#8221;no&#8221; text_align=&#8221;left&#8221; background_image_as_pattern=&#8221;without_pattern&#8221;][vc_column][vc_empty_space height=&#8221;100px&#8221;][\/vc_column][\/vc_row]<\/p>\n<\/div>","protected":false},"excerpt":{"rendered":"<p>[vc_row css_animation=&#8221;&#8221; row_type=&#8221;row&#8221; use_row_as_full_screen_section=&#8221;no&#8221; type=&#8221;full_width&#8221; angled_section=&#8221;no&#8221; text_align=&#8221;left&#8221; background_image_as_pattern=&#8221;without_pattern&#8221;][vc_column][vc_empty_space height=&#8221;50px&#8221;][vc_column_text] Sosteneteci con un&#8217;offerta: [\/vc_column_text][\/vc_column][\/vc_row][vc_row css_animation=&#8221;&#8221; row_type=&#8221;row&#8221; use_row_as_full_screen_section=&#8221;no&#8221; type=&#8221;full_width&#8221; angled_section=&#8221;no&#8221; text_align=&#8221;left&#8221; background_image_as_pattern=&#8221;without_pattern&#8221;][vc_column][vc_zigzag color=&#8221;custom&#8221; el_width=&#8221;10&#8243; el_border_width=&#8221;8&#8243; custom_color=&#8221;#9fa908&#8243;][vc_empty_space height=&#8221;60px&#8221;][\/vc_column][\/vc_row][vc_row css_animation=&#8221;&#8221; row_type=&#8221;row&#8221; use_row_as_full_screen_section=&#8221;no&#8221; type=&#8221;full_width&#8221; angled_section=&#8221;no&#8221; text_align=&#8221;left&#8221; background_image_as_pattern=&#8221;without_pattern&#8221; z_index=&#8221;&#8221;][vc_column width=&#8221;1\/2&#8243;][vc_column_text]Sosteneteci con un&#8217;offerta oppure sottoscrivete per l&#8217;Associazione&nbsp; Volontariato&nbsp;in&nbsp;Montagna. Partita IVA: 94058610216&nbsp; &nbsp;&#8230;<\/p>\n","protected":false},"author":1,"featured_media":0,"parent":0,"menu_order":0,"comment_status":"closed","ping_status":"closed","template":"","meta":{"ngg_post_thumbnail":0,"footnotes":""},"class_list":["post-18233","page","type-page","status-publish","hentry"],"yoast_head":"<!-- This site is optimized with the Yoast SEO plugin v27.3 - https:\/\/yoast.com\/product\/yoast-seo-wordpress\/ -->\n<title>Donazioni - Bergbauernhilfe S\u00fcdtirol<\/title>\n<meta name=\"robots\" content=\"index, follow, max-snippet:-1, max-image-preview:large, max-video-preview:-1\" \/>\n<link rel=\"canonical\" href=\"https:\/\/www.bergbauernhilfe.it\/it\/donazioni\/\" \/>\n<meta property=\"og:locale\" content=\"it_IT\" \/>\n<meta property=\"og:type\" content=\"article\" \/>\n<meta property=\"og:title\" content=\"Donazioni - Bergbauernhilfe S\u00fcdtirol\" \/>\n<meta property=\"og:description\" content=\"[vc_row css_animation=&#8221;&#8221; row_type=&#8221;row&#8221; use_row_as_full_screen_section=&#8221;no&#8221; type=&#8221;full_width&#8221; angled_section=&#8221;no&#8221; text_align=&#8221;left&#8221; background_image_as_pattern=&#8221;without_pattern&#8221;][vc_column][vc_empty_space height=&#8221;50px&#8221;][vc_column_text] Sosteneteci con un&#8217;offerta: [\/vc_column_text][\/vc_column][\/vc_row][vc_row css_animation=&#8221;&#8221; row_type=&#8221;row&#8221; use_row_as_full_screen_section=&#8221;no&#8221; type=&#8221;full_width&#8221; angled_section=&#8221;no&#8221; text_align=&#8221;left&#8221; background_image_as_pattern=&#8221;without_pattern&#8221;][vc_column][vc_zigzag color=&#8221;custom&#8221; el_width=&#8221;10&#8243; el_border_width=&#8221;8&#8243; custom_color=&#8221;#9fa908&#8243;][vc_empty_space height=&#8221;60px&#8221;][\/vc_column][\/vc_row][vc_row css_animation=&#8221;&#8221; row_type=&#8221;row&#8221; use_row_as_full_screen_section=&#8221;no&#8221; type=&#8221;full_width&#8221; angled_section=&#8221;no&#8221; text_align=&#8221;left&#8221; background_image_as_pattern=&#8221;without_pattern&#8221; z_index=&#8221;&#8221;][vc_column width=&#8221;1\/2&#8243;][vc_column_text]Sosteneteci con un&#8217;offerta oppure sottoscrivete per l&#8217;Associazione&nbsp; Volontariato&nbsp;in&nbsp;Montagna. Partita IVA: 94058610216&nbsp; &nbsp;...\" \/>\n<meta property=\"og:url\" content=\"https:\/\/www.bergbauernhilfe.it\/it\/donazioni\/\" \/>\n<meta property=\"og:site_name\" content=\"Bergbauernhilfe S\u00fcdtirol\" \/>\n<meta property=\"article:modified_time\" content=\"2025-10-15T07:06:50+00:00\" \/>\n<meta name=\"twitter:card\" content=\"summary_large_image\" \/>\n<meta name=\"twitter:label1\" content=\"Tempo di lettura stimato\" \/>\n\t<meta name=\"twitter:data1\" content=\"2 minuti\" \/>\n<script type=\"application\/ld+json\" class=\"yoast-schema-graph\">{\"@context\":\"https:\\\/\\\/schema.org\",\"@graph\":[{\"@type\":\"WebPage\",\"@id\":\"https:\\\/\\\/www.bergbauernhilfe.it\\\/it\\\/donazioni\\\/\",\"url\":\"https:\\\/\\\/www.bergbauernhilfe.it\\\/it\\\/donazioni\\\/\",\"name\":\"Donazioni - Bergbauernhilfe S\u00fcdtirol\",\"isPartOf\":{\"@id\":\"https:\\\/\\\/www.bergbauernhilfe.it\\\/#website\"},\"datePublished\":\"2019-06-06T09:12:18+00:00\",\"dateModified\":\"2025-10-15T07:06:50+00:00\",\"breadcrumb\":{\"@id\":\"https:\\\/\\\/www.bergbauernhilfe.it\\\/it\\\/donazioni\\\/#breadcrumb\"},\"inLanguage\":\"it-IT\",\"potentialAction\":[{\"@type\":\"ReadAction\",\"target\":[\"https:\\\/\\\/www.bergbauernhilfe.it\\\/it\\\/donazioni\\\/\"]}]},{\"@type\":\"BreadcrumbList\",\"@id\":\"https:\\\/\\\/www.bergbauernhilfe.it\\\/it\\\/donazioni\\\/#breadcrumb\",\"itemListElement\":[{\"@type\":\"ListItem\",\"position\":1,\"name\":\"Startseite\",\"item\":\"https:\\\/\\\/www.bergbauernhilfe.it\\\/it\\\/\"},{\"@type\":\"ListItem\",\"position\":2,\"name\":\"Donazioni\"}]},{\"@type\":\"WebSite\",\"@id\":\"https:\\\/\\\/www.bergbauernhilfe.it\\\/#website\",\"url\":\"https:\\\/\\\/www.bergbauernhilfe.it\\\/\",\"name\":\"Bergbauernhilfe S\u00fcdtirol\",\"description\":\"Freiwillige Arbeitseins\u00e4tze S\u00fcdtirol\",\"potentialAction\":[{\"@type\":\"SearchAction\",\"target\":{\"@type\":\"EntryPoint\",\"urlTemplate\":\"https:\\\/\\\/www.bergbauernhilfe.it\\\/?s={search_term_string}\"},\"query-input\":{\"@type\":\"PropertyValueSpecification\",\"valueRequired\":true,\"valueName\":\"search_term_string\"}}],\"inLanguage\":\"it-IT\"}]}<\/script>\n<!-- \/ Yoast SEO plugin. -->","yoast_head_json":{"title":"Donazioni - Bergbauernhilfe S\u00fcdtirol","robots":{"index":"index","follow":"follow","max-snippet":"max-snippet:-1","max-image-preview":"max-image-preview:large","max-video-preview":"max-video-preview:-1"},"canonical":"https:\/\/www.bergbauernhilfe.it\/it\/donazioni\/","og_locale":"it_IT","og_type":"article","og_title":"Donazioni - Bergbauernhilfe S\u00fcdtirol","og_description":"[vc_row css_animation=&#8221;&#8221; row_type=&#8221;row&#8221; use_row_as_full_screen_section=&#8221;no&#8221; type=&#8221;full_width&#8221; angled_section=&#8221;no&#8221; text_align=&#8221;left&#8221; background_image_as_pattern=&#8221;without_pattern&#8221;][vc_column][vc_empty_space height=&#8221;50px&#8221;][vc_column_text] Sosteneteci con un&#8217;offerta: [\/vc_column_text][\/vc_column][\/vc_row][vc_row css_animation=&#8221;&#8221; row_type=&#8221;row&#8221; use_row_as_full_screen_section=&#8221;no&#8221; type=&#8221;full_width&#8221; angled_section=&#8221;no&#8221; text_align=&#8221;left&#8221; background_image_as_pattern=&#8221;without_pattern&#8221;][vc_column][vc_zigzag color=&#8221;custom&#8221; el_width=&#8221;10&#8243; el_border_width=&#8221;8&#8243; custom_color=&#8221;#9fa908&#8243;][vc_empty_space height=&#8221;60px&#8221;][\/vc_column][\/vc_row][vc_row css_animation=&#8221;&#8221; row_type=&#8221;row&#8221; use_row_as_full_screen_section=&#8221;no&#8221; type=&#8221;full_width&#8221; angled_section=&#8221;no&#8221; text_align=&#8221;left&#8221; background_image_as_pattern=&#8221;without_pattern&#8221; z_index=&#8221;&#8221;][vc_column width=&#8221;1\/2&#8243;][vc_column_text]Sosteneteci con un&#8217;offerta oppure sottoscrivete per l&#8217;Associazione&nbsp; Volontariato&nbsp;in&nbsp;Montagna. Partita IVA: 94058610216&nbsp; &nbsp;...","og_url":"https:\/\/www.bergbauernhilfe.it\/it\/donazioni\/","og_site_name":"Bergbauernhilfe S\u00fcdtirol","article_modified_time":"2025-10-15T07:06:50+00:00","twitter_card":"summary_large_image","twitter_misc":{"Tempo di lettura stimato":"2 minuti"},"schema":{"@context":"https:\/\/schema.org","@graph":[{"@type":"WebPage","@id":"https:\/\/www.bergbauernhilfe.it\/it\/donazioni\/","url":"https:\/\/www.bergbauernhilfe.it\/it\/donazioni\/","name":"Donazioni - Bergbauernhilfe S\u00fcdtirol","isPartOf":{"@id":"https:\/\/www.bergbauernhilfe.it\/#website"},"datePublished":"2019-06-06T09:12:18+00:00","dateModified":"2025-10-15T07:06:50+00:00","breadcrumb":{"@id":"https:\/\/www.bergbauernhilfe.it\/it\/donazioni\/#breadcrumb"},"inLanguage":"it-IT","potentialAction":[{"@type":"ReadAction","target":["https:\/\/www.bergbauernhilfe.it\/it\/donazioni\/"]}]},{"@type":"BreadcrumbList","@id":"https:\/\/www.bergbauernhilfe.it\/it\/donazioni\/#breadcrumb","itemListElement":[{"@type":"ListItem","position":1,"name":"Startseite","item":"https:\/\/www.bergbauernhilfe.it\/it\/"},{"@type":"ListItem","position":2,"name":"Donazioni"}]},{"@type":"WebSite","@id":"https:\/\/www.bergbauernhilfe.it\/#website","url":"https:\/\/www.bergbauernhilfe.it\/","name":"Bergbauernhilfe S\u00fcdtirol","description":"Freiwillige Arbeitseins\u00e4tze S\u00fcdtirol","potentialAction":[{"@type":"SearchAction","target":{"@type":"EntryPoint","urlTemplate":"https:\/\/www.bergbauernhilfe.it\/?s={search_term_string}"},"query-input":{"@type":"PropertyValueSpecification","valueRequired":true,"valueName":"search_term_string"}}],"inLanguage":"it-IT"}]}},"_links":{"self":[{"href":"https:\/\/www.bergbauernhilfe.it\/it\/wp-json\/wp\/v2\/pages\/18233","targetHints":{"allow":["GET"]}}],"collection":[{"href":"https:\/\/www.bergbauernhilfe.it\/it\/wp-json\/wp\/v2\/pages"}],"about":[{"href":"https:\/\/www.bergbauernhilfe.it\/it\/wp-json\/wp\/v2\/types\/page"}],"author":[{"embeddable":true,"href":"https:\/\/www.bergbauernhilfe.it\/it\/wp-json\/wp\/v2\/users\/1"}],"replies":[{"embeddable":true,"href":"https:\/\/www.bergbauernhilfe.it\/it\/wp-json\/wp\/v2\/comments?post=18233"}],"version-history":[{"count":2,"href":"https:\/\/www.bergbauernhilfe.it\/it\/wp-json\/wp\/v2\/pages\/18233\/revisions"}],"predecessor-version":[{"id":34357,"href":"https:\/\/www.bergbauernhilfe.it\/it\/wp-json\/wp\/v2\/pages\/18233\/revisions\/34357"}],"wp:attachment":[{"href":"https:\/\/www.bergbauernhilfe.it\/it\/wp-json\/wp\/v2\/media?parent=18233"}],"curies":[{"name":"wp","href":"https:\/\/api.w.org\/{rel}","templated":true}]}}