{"id":18236,"date":"2019-06-06T11:19:20","date_gmt":"2019-06-06T09:19:20","guid":{"rendered":"https:\/\/www.bergbauernhilfe.at\/contatto\/"},"modified":"2026-02-18T12:08:18","modified_gmt":"2026-02-18T11:08:18","slug":"contatto","status":"publish","type":"page","link":"https:\/\/www.bergbauernhilfe.it\/it\/contatto\/","title":{"rendered":"Contatto"},"content":{"rendered":"<div class=\"wpb-content-wrapper\"><p>[vc_row css_animation=&#8221;&#8221; row_type=&#8221;row&#8221; use_row_as_full_screen_section=&#8221;yes&#8221; type=&#8221;full_width&#8221; angled_section=&#8221;no&#8221; text_align=&#8221;center&#8221; background_image_as_pattern=&#8221;without_pattern&#8221; z_index=&#8221;&#8221; css=&#8221;.vc_custom_1553855829558{margin-top: 0px !important;border-top-width: 0px !important;padding-top: 0px !important;}&#8221;][vc_column][vc_column_text]<iframe loading=\"lazy\" style=\"border: 0;\" src=\"https:\/\/www.google.com\/maps\/embed?pb=!1m18!1m12!1m3!1d2746.479287705925!2d11.364613415792688!3d46.49862227184496!2m3!1f0!2f0!3f0!3m2!1i1024!2i768!4f13.1!3m3!1m2!1s0x47829e73a870cddb%3A0xb928b4c5a32fa48!2sLeegtorweg%2C+8%2C+39100+Bozen!5e0!3m2!1sde!2sit!4v1553855561371!5m2!1sde!2sit\" width=\"1990\" height=\"460\" frameborder=\"0\" allowfullscreen=\"allowfullscreen\"><\/iframe>[\/vc_column_text][\/vc_column][\/vc_row][vc_row css_animation=&#8221;&#8221; row_type=&#8221;row&#8221; use_row_as_full_screen_section=&#8221;no&#8221; type=&#8221;full_width&#8221; angled_section=&#8221;no&#8221; text_align=&#8221;left&#8221; background_image_as_pattern=&#8221;without_pattern&#8221;][vc_column][vc_empty_space height=&#8221;50px&#8221;][vc_column_text]<\/p>\n<h2 style=\"text-align: center;\">Contatto<\/h2>\n<p>[\/vc_column_text][\/vc_column][\/vc_row][vc_row css_animation=&#8221;&#8221; row_type=&#8221;row&#8221; use_row_as_full_screen_section=&#8221;no&#8221; type=&#8221;grid&#8221; angled_section=&#8221;no&#8221; text_align=&#8221;left&#8221; background_image_as_pattern=&#8221;without_pattern&#8221; z_index=&#8221;&#8221;][vc_column][vc_zigzag color=&#8221;custom&#8221; el_width=&#8221;10&#8243; el_border_width=&#8221;8&#8243; custom_color=&#8221;#9fa908&#8243;][vc_empty_space height=&#8221;30px&#8221;][vc_column_text]<\/p>\n<p style=\"text-align: center;\">Avete domande o commenti? Allora compila il seguente modulo e ti risponderemo al pi\u00f9 presto possibile!<\/p>\n<p>[\/vc_column_text][vc_empty_space height=&#8221;60px&#8221;][\/vc_column][\/vc_row][vc_row css_animation=&#8221;&#8221; row_type=&#8221;row&#8221; use_row_as_full_screen_section=&#8221;no&#8221; type=&#8221;grid&#8221; angled_section=&#8221;no&#8221; text_align=&#8221;left&#8221; background_image_as_pattern=&#8221;without_pattern&#8221; z_index=&#8221;&#8221;][vc_column width=&#8221;1\/2&#8243;][vc_column_text]<\/p>\n<p>[\/vc_column_text][vc_column_text]<\/p>\n<h3>Il nostro ufficio:<\/h3>\n<p>[\/vc_column_text][vc_column_text css=&#8221;&#8221;]<strong>Associazione Volontariato in<\/strong>&nbsp;<strong>Montagna ETS<\/strong><br \/>\nc\/o S\u00fcdtiroler Bauernbund&nbsp;<br \/>\nCoordinatrice: Monika Thaler<br \/>\nVia Piani d&#8217;Isarco n.&nbsp;8<br \/>\nCasella postale 421<br \/>\nI-39100 BOLZANO<\/p>\n<p>&nbsp;<\/p>\n<p>Tel. +39 0471 999309&nbsp;<br \/>\nE-Mail: <a href=\"mailto:info@bergbauernhilfe.it\">info@bergbauernhilfe.it<\/a>&nbsp;<br \/>\nPartita IVA: 94058610216&nbsp;[\/vc_column_text][vc_separator type=&#8221;transparent&#8221; up=&#8221;6&#8243; down=&#8221;6&#8243;][vc_separator type=&#8221;transparent&#8221; up=&#8221;6&#8243; down=&#8221;6&#8243;][vc_empty_space height=&#8221;52px&#8221;][\/vc_column][vc_column width=&#8221;1\/2&#8243;][vc_column_text]<noscript class=\"ninja-forms-noscript-message\">\n\tAvviso: JavaScript \u00e8 obbligatorio per questo contenuto.<\/noscript>\n<div id=\"nf-form-8-cont\" class=\"nf-form-cont\" aria-live=\"polite\" aria-labelledby=\"nf-form-title-8\" aria-describedby=\"nf-form-errors-8\" role=\"form\">\n\n    <div class=\"nf-loading-spinner\"><\/div>\n\n<\/div>\n        <!-- That data is being printed as a workaround to page builders reordering the order of the scripts loaded-->\n        <script>var formDisplay=1;var nfForms=nfForms||[];var form=[];form.id='8';form.settings={\"objectType\":\"Form Setting\",\"editActive\":true,\"title\":\"Kontakt italienisch\",\"show_title\":0,\"allow_public_link\":0,\"embed_form\":\"\",\"clear_complete\":1,\"hide_complete\":1,\"default_label_pos\":\"above\",\"wrapper_class\":\"\",\"element_class\":\"\",\"key\":\"\",\"add_submit\":0,\"currency\":\"\",\"unique_field_error\":\"A form with this value has already been submitted.\",\"logged_in\":false,\"not_logged_in_msg\":\"\",\"sub_limit_msg\":\"The form has reached its submission limit.\",\"calculations\":[],\"formContentData\":[\"nome_1568795420695\",\"email_1568795404476\",\"telefono_1568795432552\",\"messaggio_1568795437232\",\"ho_letto_le_and_nbsp_informazioni_sul_less_than_a_href_https_www_bergbauernhilfe_it_it_colophon-privacy-cookies_greater_than_trattamento_and_nbsp_dei_dati_less_than_a_greater_than_e_le_approvo_1568797075994\",\"recaptcha_1568795410468\",\"invia_1568795448612\"],\"changeEmailErrorMsg\":\"Immetti un indirizzo email valido.\",\"changeDateErrorMsg\":\"Please enter a valid date!\",\"confirmFieldErrorMsg\":\"Questi campi devono corrispondere.\",\"fieldNumberNumMinError\":\"Errore numero min\",\"fieldNumberNumMaxError\":\"Errore numero max\",\"fieldNumberIncrementBy\":\"Incrementa di \",\"formErrorsCorrectErrors\":\"Correggi gli errori prima di inviare il form.\",\"validateRequiredField\":\"Campo obbligatorio.\",\"honeypotHoneypotError\":\"Errore Honeypot\",\"fieldsMarkedRequired\":\"I campi contrassegnati con <span class=\\\"ninja-forms-req-symbol\\\">*<\\\/span> sono obbligatori.\",\"drawerDisabled\":false,\"ninjaForms\":\"Ninja Forms\",\"fieldTextareaRTEInsertLink\":\"Inserisci link\",\"fieldTextareaRTEInsertMedia\":\"Inserisci media\",\"fieldTextareaRTESelectAFile\":\"Seleziona un file\",\"tableInsertRowAbove\":\"Insert Row Above\",\"tableInsertRowBelow\":\"Insert Row Below\",\"tableInsertColumnLeft\":\"Insert Column Left\",\"tableInsertColumnRight\":\"Insert Column Right\",\"tableDeleteRow\":\"Delete Row\",\"tableDeleteColumn\":\"Delete Column\",\"tableDeleteTable\":\"Delete Table\",\"tableLegacyNotice\":\"This content has tables in the old editor format. Custom styles are preserved until converted. Editing will update to the new format.\",\"tableLegacyConvert\":\"Convert Now\",\"tableInsertTable\":\"Insert Table\",\"dismiss\":\"Chiudi\",\"insertLink\":\"Inserisci link\",\"formHoneypot\":\"Se sei un essere umano e vedi questo campo, lascialo vuoto.\",\"fileUploadOldCodeFileUploadInProgress\":\"Caricamento file in corso.\",\"fileUploadOldCodeFileUpload\":\"CARICAMENTO FILE\",\"currencySymbol\":\"&euro;\",\"thousands_sep\":\".\",\"decimal_point\":\",\",\"siteLocale\":\"it_IT\",\"dateFormat\":\"m\\\/d\\\/Y\",\"startOfWeek\":\"1\",\"of\":\"di\",\"previousMonth\":\"Previous Month\",\"nextMonth\":\"Next Month\",\"months\":[\"January\",\"February\",\"March\",\"April\",\"May\",\"June\",\"July\",\"August\",\"September\",\"October\",\"November\",\"December\"],\"monthsShort\":[\"Jan\",\"Feb\",\"Mar\",\"Apr\",\"May\",\"Jun\",\"Jul\",\"Aug\",\"Sep\",\"Oct\",\"Nov\",\"Dec\"],\"weekdays\":[\"Sunday\",\"Monday\",\"Tuesday\",\"Wednesday\",\"Thursday\",\"Friday\",\"Saturday\"],\"weekdaysShort\":[\"Sun\",\"Mon\",\"Tue\",\"Wed\",\"Thu\",\"Fri\",\"Sat\"],\"weekdaysMin\":[\"Su\",\"Mo\",\"Tu\",\"We\",\"Th\",\"Fr\",\"Sa\"],\"recaptchaConsentMissing\":\"reCaptcha validation couldn&#039;t load.\",\"recaptchaMissingCookie\":\"reCaptcha v3 validation couldn&#039;t load the cookie needed to submit the form.\",\"recaptchaConsentEvent\":\"Accept reCaptcha cookies before sending the form.\",\"currency_symbol\":\"\",\"beforeForm\":\"\",\"beforeFields\":\"\",\"afterFields\":\"\",\"afterForm\":\"\"};form.fields=[{\"objectType\":\"Field\",\"objectDomain\":\"fields\",\"editActive\":false,\"order\":1,\"type\":\"firstname\",\"label\":\"Nome\",\"key\":\"nome_1568795420695\",\"label_pos\":\"above\",\"required\":1,\"default\":\"\",\"placeholder\":\"\",\"container_class\":\"\",\"element_class\":\"\",\"admin_label\":\"\",\"help_text\":\"\",\"custom_name_attribute\":\"fname\",\"personally_identifiable\":1,\"value\":\"\",\"id\":71,\"beforeField\":\"\",\"afterField\":\"\",\"parentType\":\"firstname\",\"element_templates\":[\"firstname\",\"input\"],\"old_classname\":\"\",\"wrap_template\":\"wrap\"},{\"objectType\":\"Field\",\"objectDomain\":\"fields\",\"editActive\":false,\"order\":2,\"type\":\"email\",\"label\":\"E-Mail\",\"key\":\"email_1568795404476\",\"label_pos\":\"above\",\"required\":1,\"default\":\"\",\"placeholder\":\"\",\"container_class\":\"\",\"element_class\":\"\",\"admin_label\":\"\",\"help_text\":\"\",\"custom_name_attribute\":\"email\",\"personally_identifiable\":1,\"value\":\"\",\"id\":72,\"beforeField\":\"\",\"afterField\":\"\",\"parentType\":\"email\",\"element_templates\":[\"email\",\"input\"],\"old_classname\":\"\",\"wrap_template\":\"wrap\"},{\"objectType\":\"Field\",\"objectDomain\":\"fields\",\"editActive\":false,\"order\":3,\"type\":\"phone\",\"label\":\"\\ufeffTelefono\",\"key\":\"telefono_1568795432552\",\"label_pos\":\"above\",\"required\":false,\"default\":\"\",\"placeholder\":\"\",\"container_class\":\"\",\"element_class\":\"\",\"input_limit\":\"\",\"input_limit_type\":\"characters\",\"input_limit_msg\":\"Zeichen \\u00fcbrig\",\"manual_key\":false,\"admin_label\":\"\",\"help_text\":\"\",\"mask\":\"\",\"custom_mask\":\"\",\"custom_name_attribute\":\"phone\",\"personally_identifiable\":1,\"value\":\"\",\"id\":73,\"beforeField\":\"\",\"afterField\":\"\",\"parentType\":\"textbox\",\"element_templates\":[\"tel\",\"textbox\",\"input\"],\"old_classname\":\"\",\"wrap_template\":\"wrap\"},{\"objectType\":\"Field\",\"objectDomain\":\"fields\",\"editActive\":false,\"order\":4,\"type\":\"textarea\",\"label\":\"Messaggio\",\"key\":\"messaggio_1568795437232\",\"label_pos\":\"above\",\"required\":false,\"default\":\"\",\"placeholder\":\"\",\"container_class\":\"\",\"element_class\":\"\",\"input_limit\":\"\",\"input_limit_type\":\"characters\",\"input_limit_msg\":\"Zeichen \\u00fcbrig\",\"manual_key\":false,\"admin_label\":\"\",\"help_text\":\"\",\"textarea_rte\":\"\",\"disable_rte_mobile\":\"\",\"textarea_media\":\"\",\"value\":\"\",\"drawerDisabled\":false,\"id\":74,\"beforeField\":\"\",\"afterField\":\"\",\"parentType\":\"textarea\",\"element_templates\":[\"textarea\",\"input\"],\"old_classname\":\"\",\"wrap_template\":\"wrap\"},{\"objectType\":\"Field\",\"objectDomain\":\"fields\",\"editActive\":false,\"order\":5,\"type\":\"checkbox\",\"label\":\"Ho letto le&nbsp;Informazioni sul <a href=\\\"https:\\\/\\\/www.bergbauernhilfe.it\\\/it\\\/colophon-privacy-cookies\\\/\\\">trattamento&nbsp;dei dati<\\\/a> e le approvo\",\"key\":\"ho_letto_le_and_nbsp_informazioni_sul_less_than_a_href_https_www_bergbauernhilfe_it_it_colophon-privacy-cookies_greater_than_trattamento_and_nbsp_dei_dati_less_than_a_greater_than_e_le_approvo_1568797075994\",\"label_pos\":\"right\",\"required\":false,\"container_class\":\"\",\"element_class\":\"\",\"manual_key\":false,\"admin_label\":\"\",\"help_text\":\"\",\"default_value\":\"unchecked\",\"checked_value\":\"Ausgew\\u00e4hlt\",\"unchecked_value\":\"Nicht ausgew\\u00e4hlt\",\"checked_calc_value\":\"\",\"unchecked_calc_value\":\"\",\"drawerDisabled\":false,\"id\":78,\"beforeField\":\"\",\"afterField\":\"\",\"value\":\"\",\"parentType\":\"checkbox\",\"element_templates\":[\"checkbox\",\"input\"],\"old_classname\":\"\",\"wrap_template\":\"wrap\"},{\"objectType\":\"Field\",\"objectDomain\":\"fields\",\"editActive\":false,\"order\":6,\"type\":\"recaptcha\",\"label\":\"Recaptcha\",\"container_class\":\"\",\"element_class\":\"\",\"size\":\"visible\",\"key\":\"recaptcha_1568795410468\",\"id\":75,\"beforeField\":\"\",\"afterField\":\"\",\"value\":\"\",\"label_pos\":\"above\",\"parentType\":\"textbox\",\"element_templates\":[\"recaptcha\",\"input\"],\"old_classname\":\"\",\"wrap_template\":\"wrap\",\"site_key\":\"6LcxDLkUAAAAACHKH_T371PhLNhDJZil-M89i4QM\",\"theme\":\"light\",\"lang\":\"Deutschland\"},{\"objectType\":\"Field\",\"objectDomain\":\"fields\",\"editActive\":false,\"order\":7,\"type\":\"submit\",\"label\":\"Invia\",\"processing_label\":\"Verarbeite\",\"container_class\":\"\",\"element_class\":\"\",\"key\":\"invia_1568795448612\",\"drawerDisabled\":false,\"id\":76,\"beforeField\":\"\",\"afterField\":\"\",\"value\":\"\",\"label_pos\":\"above\",\"parentType\":\"textbox\",\"element_templates\":[\"submit\",\"button\",\"input\"],\"old_classname\":\"\",\"wrap_template\":\"wrap-no-label\"}];nfForms.push(form);<\/script>\n        [\/vc_column_text][\/vc_column][\/vc_row][vc_row css_animation=&#8221;&#8221; row_type=&#8221;row&#8221; use_row_as_full_screen_section=&#8221;no&#8221; type=&#8221;full_width&#8221; angled_section=&#8221;no&#8221; text_align=&#8221;left&#8221; background_image_as_pattern=&#8221;without_pattern&#8221;][vc_column][vc_empty_space][\/vc_column][\/vc_row]<\/p>\n<\/div>","protected":false},"excerpt":{"rendered":"<p>[vc_row css_animation=&#8221;&#8221; row_type=&#8221;row&#8221; use_row_as_full_screen_section=&#8221;yes&#8221; type=&#8221;full_width&#8221; angled_section=&#8221;no&#8221; text_align=&#8221;center&#8221; background_image_as_pattern=&#8221;without_pattern&#8221; z_index=&#8221;&#8221; css=&#8221;.vc_custom_1553855829558{margin-top: 0px !important;border-top-width: 0px !important;padding-top: 0px !important;}&#8221;][vc_column][vc_column_text][\/vc_column_text][\/vc_column][\/vc_row][vc_row css_animation=&#8221;&#8221; row_type=&#8221;row&#8221; use_row_as_full_screen_section=&#8221;no&#8221; type=&#8221;full_width&#8221; angled_section=&#8221;no&#8221; text_align=&#8221;left&#8221; background_image_as_pattern=&#8221;without_pattern&#8221;][vc_column][vc_empty_space height=&#8221;50px&#8221;][vc_column_text] Contatto [\/vc_column_text][\/vc_column][\/vc_row][vc_row css_animation=&#8221;&#8221; row_type=&#8221;row&#8221; use_row_as_full_screen_section=&#8221;no&#8221; type=&#8221;grid&#8221; angled_section=&#8221;no&#8221; text_align=&#8221;left&#8221; background_image_as_pattern=&#8221;without_pattern&#8221; z_index=&#8221;&#8221;][vc_column][vc_zigzag color=&#8221;custom&#8221; el_width=&#8221;10&#8243; el_border_width=&#8221;8&#8243; custom_color=&#8221;#9fa908&#8243;][vc_empty_space height=&#8221;30px&#8221;][vc_column_text] Avete domande o commenti? Allora compila&#8230;<\/p>\n","protected":false},"author":1,"featured_media":0,"parent":0,"menu_order":0,"comment_status":"open","ping_status":"open","template":"full_width.php","meta":{"ngg_post_thumbnail":0,"footnotes":""},"class_list":["post-18236","page","type-page","status-publish","hentry"],"yoast_head":"<!-- This site is optimized with the Yoast SEO plugin v27.5 - https:\/\/yoast.com\/product\/yoast-seo-wordpress\/ -->\n<title>Contatto - Bergbauernhilfe S\u00fcdtirol<\/title>\n<meta name=\"robots\" content=\"index, follow, max-snippet:-1, max-image-preview:large, max-video-preview:-1\" \/>\n<link rel=\"canonical\" href=\"https:\/\/www.bergbauernhilfe.it\/it\/contatto\/\" \/>\n<meta property=\"og:locale\" content=\"it_IT\" \/>\n<meta property=\"og:type\" content=\"article\" \/>\n<meta property=\"og:title\" content=\"Contatto - Bergbauernhilfe S\u00fcdtirol\" \/>\n<meta property=\"og:description\" content=\"[vc_row css_animation=&#8221;&#8221; row_type=&#8221;row&#8221; use_row_as_full_screen_section=&#8221;yes&#8221; type=&#8221;full_width&#8221; angled_section=&#8221;no&#8221; text_align=&#8221;center&#8221; background_image_as_pattern=&#8221;without_pattern&#8221; z_index=&#8221;&#8221; css=&#8221;.vc_custom_1553855829558{margin-top: 0px !important;border-top-width: 0px !important;padding-top: 0px !important;}&#8221;][vc_column][vc_column_text][\/vc_column_text][\/vc_column][\/vc_row][vc_row css_animation=&#8221;&#8221; row_type=&#8221;row&#8221; use_row_as_full_screen_section=&#8221;no&#8221; type=&#8221;full_width&#8221; angled_section=&#8221;no&#8221; text_align=&#8221;left&#8221; background_image_as_pattern=&#8221;without_pattern&#8221;][vc_column][vc_empty_space height=&#8221;50px&#8221;][vc_column_text] Contatto [\/vc_column_text][\/vc_column][\/vc_row][vc_row css_animation=&#8221;&#8221; row_type=&#8221;row&#8221; use_row_as_full_screen_section=&#8221;no&#8221; type=&#8221;grid&#8221; angled_section=&#8221;no&#8221; text_align=&#8221;left&#8221; background_image_as_pattern=&#8221;without_pattern&#8221; z_index=&#8221;&#8221;][vc_column][vc_zigzag color=&#8221;custom&#8221; el_width=&#8221;10&#8243; el_border_width=&#8221;8&#8243; custom_color=&#8221;#9fa908&#8243;][vc_empty_space height=&#8221;30px&#8221;][vc_column_text] Avete domande o commenti? Allora compila...\" \/>\n<meta property=\"og:url\" content=\"https:\/\/www.bergbauernhilfe.it\/it\/contatto\/\" \/>\n<meta property=\"og:site_name\" content=\"Bergbauernhilfe S\u00fcdtirol\" \/>\n<meta property=\"article:modified_time\" content=\"2026-02-18T11:08:18+00:00\" \/>\n<meta name=\"twitter:card\" content=\"summary_large_image\" \/>\n<meta name=\"twitter:label1\" content=\"Tempo di lettura stimato\" \/>\n\t<meta name=\"twitter:data1\" content=\"1 minuto\" \/>\n<script type=\"application\/ld+json\" class=\"yoast-schema-graph\">{\"@context\":\"https:\\\/\\\/schema.org\",\"@graph\":[{\"@type\":\"WebPage\",\"@id\":\"https:\\\/\\\/www.bergbauernhilfe.it\\\/it\\\/contatto\\\/\",\"url\":\"https:\\\/\\\/www.bergbauernhilfe.it\\\/it\\\/contatto\\\/\",\"name\":\"Contatto - Bergbauernhilfe S\u00fcdtirol\",\"isPartOf\":{\"@id\":\"https:\\\/\\\/www.bergbauernhilfe.it\\\/#website\"},\"datePublished\":\"2019-06-06T09:19:20+00:00\",\"dateModified\":\"2026-02-18T11:08:18+00:00\",\"breadcrumb\":{\"@id\":\"https:\\\/\\\/www.bergbauernhilfe.it\\\/it\\\/contatto\\\/#breadcrumb\"},\"inLanguage\":\"it-IT\",\"potentialAction\":[{\"@type\":\"ReadAction\",\"target\":[\"https:\\\/\\\/www.bergbauernhilfe.it\\\/it\\\/contatto\\\/\"]}]},{\"@type\":\"BreadcrumbList\",\"@id\":\"https:\\\/\\\/www.bergbauernhilfe.it\\\/it\\\/contatto\\\/#breadcrumb\",\"itemListElement\":[{\"@type\":\"ListItem\",\"position\":1,\"name\":\"Startseite\",\"item\":\"https:\\\/\\\/www.bergbauernhilfe.it\\\/it\\\/\"},{\"@type\":\"ListItem\",\"position\":2,\"name\":\"Contatto\"}]},{\"@type\":\"WebSite\",\"@id\":\"https:\\\/\\\/www.bergbauernhilfe.it\\\/#website\",\"url\":\"https:\\\/\\\/www.bergbauernhilfe.it\\\/\",\"name\":\"Bergbauernhilfe S\u00fcdtirol\",\"description\":\"Freiwillige Arbeitseins\u00e4tze S\u00fcdtirol\",\"potentialAction\":[{\"@type\":\"SearchAction\",\"target\":{\"@type\":\"EntryPoint\",\"urlTemplate\":\"https:\\\/\\\/www.bergbauernhilfe.it\\\/?s={search_term_string}\"},\"query-input\":{\"@type\":\"PropertyValueSpecification\",\"valueRequired\":true,\"valueName\":\"search_term_string\"}}],\"inLanguage\":\"it-IT\"}]}<\/script>\n<!-- \/ Yoast SEO plugin. -->","yoast_head_json":{"title":"Contatto - Bergbauernhilfe S\u00fcdtirol","robots":{"index":"index","follow":"follow","max-snippet":"max-snippet:-1","max-image-preview":"max-image-preview:large","max-video-preview":"max-video-preview:-1"},"canonical":"https:\/\/www.bergbauernhilfe.it\/it\/contatto\/","og_locale":"it_IT","og_type":"article","og_title":"Contatto - Bergbauernhilfe S\u00fcdtirol","og_description":"[vc_row css_animation=&#8221;&#8221; row_type=&#8221;row&#8221; use_row_as_full_screen_section=&#8221;yes&#8221; type=&#8221;full_width&#8221; angled_section=&#8221;no&#8221; text_align=&#8221;center&#8221; background_image_as_pattern=&#8221;without_pattern&#8221; z_index=&#8221;&#8221; css=&#8221;.vc_custom_1553855829558{margin-top: 0px !important;border-top-width: 0px !important;padding-top: 0px !important;}&#8221;][vc_column][vc_column_text][\/vc_column_text][\/vc_column][\/vc_row][vc_row css_animation=&#8221;&#8221; row_type=&#8221;row&#8221; use_row_as_full_screen_section=&#8221;no&#8221; type=&#8221;full_width&#8221; angled_section=&#8221;no&#8221; text_align=&#8221;left&#8221; background_image_as_pattern=&#8221;without_pattern&#8221;][vc_column][vc_empty_space height=&#8221;50px&#8221;][vc_column_text] Contatto [\/vc_column_text][\/vc_column][\/vc_row][vc_row css_animation=&#8221;&#8221; row_type=&#8221;row&#8221; use_row_as_full_screen_section=&#8221;no&#8221; type=&#8221;grid&#8221; angled_section=&#8221;no&#8221; text_align=&#8221;left&#8221; background_image_as_pattern=&#8221;without_pattern&#8221; z_index=&#8221;&#8221;][vc_column][vc_zigzag color=&#8221;custom&#8221; el_width=&#8221;10&#8243; el_border_width=&#8221;8&#8243; custom_color=&#8221;#9fa908&#8243;][vc_empty_space height=&#8221;30px&#8221;][vc_column_text] Avete domande o commenti? Allora compila...","og_url":"https:\/\/www.bergbauernhilfe.it\/it\/contatto\/","og_site_name":"Bergbauernhilfe S\u00fcdtirol","article_modified_time":"2026-02-18T11:08:18+00:00","twitter_card":"summary_large_image","twitter_misc":{"Tempo di lettura stimato":"1 minuto"},"schema":{"@context":"https:\/\/schema.org","@graph":[{"@type":"WebPage","@id":"https:\/\/www.bergbauernhilfe.it\/it\/contatto\/","url":"https:\/\/www.bergbauernhilfe.it\/it\/contatto\/","name":"Contatto - Bergbauernhilfe S\u00fcdtirol","isPartOf":{"@id":"https:\/\/www.bergbauernhilfe.it\/#website"},"datePublished":"2019-06-06T09:19:20+00:00","dateModified":"2026-02-18T11:08:18+00:00","breadcrumb":{"@id":"https:\/\/www.bergbauernhilfe.it\/it\/contatto\/#breadcrumb"},"inLanguage":"it-IT","potentialAction":[{"@type":"ReadAction","target":["https:\/\/www.bergbauernhilfe.it\/it\/contatto\/"]}]},{"@type":"BreadcrumbList","@id":"https:\/\/www.bergbauernhilfe.it\/it\/contatto\/#breadcrumb","itemListElement":[{"@type":"ListItem","position":1,"name":"Startseite","item":"https:\/\/www.bergbauernhilfe.it\/it\/"},{"@type":"ListItem","position":2,"name":"Contatto"}]},{"@type":"WebSite","@id":"https:\/\/www.bergbauernhilfe.it\/#website","url":"https:\/\/www.bergbauernhilfe.it\/","name":"Bergbauernhilfe S\u00fcdtirol","description":"Freiwillige Arbeitseins\u00e4tze S\u00fcdtirol","potentialAction":[{"@type":"SearchAction","target":{"@type":"EntryPoint","urlTemplate":"https:\/\/www.bergbauernhilfe.it\/?s={search_term_string}"},"query-input":{"@type":"PropertyValueSpecification","valueRequired":true,"valueName":"search_term_string"}}],"inLanguage":"it-IT"}]}},"_links":{"self":[{"href":"https:\/\/www.bergbauernhilfe.it\/it\/wp-json\/wp\/v2\/pages\/18236","targetHints":{"allow":["GET"]}}],"collection":[{"href":"https:\/\/www.bergbauernhilfe.it\/it\/wp-json\/wp\/v2\/pages"}],"about":[{"href":"https:\/\/www.bergbauernhilfe.it\/it\/wp-json\/wp\/v2\/types\/page"}],"author":[{"embeddable":true,"href":"https:\/\/www.bergbauernhilfe.it\/it\/wp-json\/wp\/v2\/users\/1"}],"replies":[{"embeddable":true,"href":"https:\/\/www.bergbauernhilfe.it\/it\/wp-json\/wp\/v2\/comments?post=18236"}],"version-history":[{"count":3,"href":"https:\/\/www.bergbauernhilfe.it\/it\/wp-json\/wp\/v2\/pages\/18236\/revisions"}],"predecessor-version":[{"id":34954,"href":"https:\/\/www.bergbauernhilfe.it\/it\/wp-json\/wp\/v2\/pages\/18236\/revisions\/34954"}],"wp:attachment":[{"href":"https:\/\/www.bergbauernhilfe.it\/it\/wp-json\/wp\/v2\/media?parent=18236"}],"curies":[{"name":"wp","href":"https:\/\/api.w.org\/{rel}","templated":true}]}}