{"id":18258,"date":"2019-06-07T10:23:49","date_gmt":"2019-06-07T08:23:49","guid":{"rendered":"https:\/\/www.bergbauernhilfe.at\/lassociazione-volontariato-in-montagna\/"},"modified":"2026-03-17T15:18:33","modified_gmt":"2026-03-17T14:18:33","slug":"lassociazione-volontariato-in-montagna","status":"publish","type":"page","link":"https:\/\/www.bergbauernhilfe.it\/it\/","title":{"rendered":"L\u2019Associazione Volontariato in Montagna"},"content":{"rendered":"<div class=\"wpb-content-wrapper\"><p>[vc_row css_animation=&#8221;&#8221; row_type=&#8221;row&#8221; use_row_as_full_screen_section=&#8221;no&#8221; type=&#8221;full_width&#8221; angled_section=&#8221;no&#8221; text_align=&#8221;left&#8221; background_image_as_pattern=&#8221;without_pattern&#8221;][vc_column][rev_slider_vc alias=&#8221;slider_ital&#8221;][\/vc_column][\/vc_row][vc_row css_animation=&#8221;&#8221; row_type=&#8221;row&#8221; use_row_as_full_screen_section=&#8221;no&#8221; type=&#8221;grid&#8221; angled_section=&#8221;no&#8221; text_align=&#8221;left&#8221; background_image_as_pattern=&#8221;without_pattern&#8221; background_color=&#8221;#ffffff&#8221; padding_top=&#8221;87&#8243; padding_bottom=&#8221;34&#8243;][vc_column][vc_column_text]<\/p>\n<h2 style=\"text-align: center;\">CHI SIAMO?<\/h2>\n<p>[\/vc_column_text][vc_zigzag color=&#8221;custom&#8221; el_width=&#8221;10&#8243; el_border_width=&#8221;8&#8243; custom_color=&#8221;#9fa908&#8243; css=&#8221;.vc_custom_1551436279935{border-bottom-width: 20px !important;}&#8221;][vc_empty_space height=&#8221;40px&#8221;][vc_column_text]<\/p>\n<div align=\"justify\">L\u2019Associazione Volontariato in Montagna \u00e8 nata dalla convinzione che la donazione di denaro non sia sempre il solo modo possibile per aiutare le persone in difficolt\u00e0 (o le persone che chiedono aiuto).<\/div>\n<div align=\"justify\">&nbsp;<\/div>\n<p>&nbsp;<\/p>\n<div align=\"justify\">La collaborazione,&nbsp;l\u2019assistenza, il sostegno e&nbsp;l&#8217;aiuto&nbsp;nei masi&nbsp;di alta montagna sudtirolesi&nbsp;spesso sono molto pi\u00f9 decisivi per la sopravvivenza rispetto ad un solo aiuto finanziario.<\/div>\n<div align=\"justify\">&nbsp;<\/div>\n<p>&nbsp;<\/p>\n<div align=\"justify\">Per questo motivo, nel 1997, le quattro organizzazioni fondatrici (Unione Coltivatori Diretti dell\u2019Alto Adige\/S\u00fcdtirol; Caritas Diocesana;&nbsp;Lebenshilfe ONLUS&nbsp;e S\u00fcdtiroler Jugendring &#8211; Federazione Provinciale delle Organizzazioni Giovanili) hanno dato vita all&#8217;Associazione Volontariato in Montagna.<\/div>\n<p>[\/vc_column_text][\/vc_column][\/vc_row][vc_row css_animation=&#8221;&#8221; row_type=&#8221;row&#8221; use_row_as_full_screen_section=&#8221;no&#8221; type=&#8221;grid&#8221; angled_section=&#8221;no&#8221; text_align=&#8221;left&#8221; background_image_as_pattern=&#8221;without_pattern&#8221; background_color=&#8221;#ffffff&#8221; z_index=&#8221;&#8221;][vc_column width=&#8221;1\/3&#8243;][\/vc_column][vc_column width=&#8221;1\/3&#8243; css=&#8221;.vc_custom_1558102516127{background-color: #ffffff !important;}&#8221;]<a  itemprop=\"url\" href=\"https:\/\/www.bergbauernhilfe.it\/it\/chi-puo-aiutare\/\" target=\"_self\" data-hover-background-color=\"#ffffff\" data-hover-color=\"#9fa908\" class=\"qbutton  big_large_full_width center default mithelfen\" style=\"color: #ffffff; border-color: #9fa908; background-color:#9fa908;\">Chi pu\u00f2 aiutare?<\/a>[vc_empty_space height=&#8221;92px&#8221;][\/vc_column][vc_column width=&#8221;1\/3&#8243;][\/vc_column][\/vc_row][vc_row css_animation=&#8221;&#8221; row_type=&#8221;row&#8221; use_row_as_full_screen_section=&#8221;no&#8221; type=&#8221;full_width&#8221; angled_section=&#8221;no&#8221; text_align=&#8221;center&#8221; background_image_as_pattern=&#8221;without_pattern&#8221; css=&#8221;.vc_custom_1551955703876{background-color: #9fa908 !important;}&#8221; z_index=&#8221;&#8221;][vc_column width=&#8221;1\/6&#8243;][vc_empty_space height=&#8221;50px&#8221;][vc_single_image image=&#8221;34361&#8243; img_size=&#8221;210&#215;160&#8243; alignment=&#8221;right&#8221; css=&#8221;&#8221; qode_css_animation=&#8221;&#8221;][\/vc_column][vc_column width=&#8221;2\/3&#8243;][vc_empty_space height=&#8221;50px&#8221;]<a  itemprop=\"url\" href=\"https:\/\/www.bergbauernhilfe.it\/it\/donazioni\/\" target=\"_self\" data-hover-background-color=\"#ffffff\" data-hover-border-color=\"#9fa908\" data-hover-color=\"#9fa908\" class=\"qbutton  large center white default\" style=\"border-color: #ffffff; \">Sostenetici con un'offerta<\/a>[vc_empty_space][vc_column_text el_class=&#8221;weisseschrift&#8221;]<\/p>\n<div class=\"call_to_action_text font_size_inherit font_weight_inherit\">\n<p style=\"text-align: center;\"><strong>5 Pro Mille per l\u2019Associazione&nbsp; Volontariato in Montagna<\/strong><br \/>\nnella compilazione della dichiarazione dei redditi<br \/>\nPartita IVA: 94058610216<\/p>\n<\/div>\n<p>[\/vc_column_text][vc_empty_space height=&#8221;22px&#8221;][vc_column_text el_class=&#8221;weisseschrift&#8221;]<\/p>\n<p style=\"text-align: center;\">C&#8217;\u00e8 la possibilit\u00e0 di diventare <strong>sostenitore dell&#8217;associazione<\/strong>. L&#8217;associazione pu\u00f2 assumere persone, che concordano con gli obiettivi dell&#8217;associazione e la sostengono con le loro donazioni, come sostenitori. L&#8217;importo minimo della donazione con cui si \u00e8 considerati sostenitore \u00e8 di \u20ac 100,00. Interessati presentano una richiesta scritta di accettazione al consiglio di amministrazione. Dopo una valutazione positiva della richiesta da parte del consiglio di amministrazione, il sostenitore versa il contributo annuale. In caso di mancato pagamento del contributo il sostenitore \u00e8 automaticamente escluso. I sostenitori sono invitati all&#8217;assemblea generale e alla festa di ringraziamento.<\/p>\n<p>[\/vc_column_text]<div class='q_icon_with_title tiny normal_icon center '><div class=\"icon_holder \" style=\" \"><span data-icon-type=\"normal\" class=\"qode_iwt_icon_holder q_font_awsome_icon fa-lg  \"><i class=\"qode_icon_font_awesome fa fa-heart qode_iwt_icon_element\" style=\"color: #ffffff\"><\/i><\/span><\/div><div class=\"icon_text_holder\" style=\"\"><div class=\"icon_text_inner\" style=\"\"><h5 class=\"icon_title\" style=\"color: #ffffff;\">Ogni donazione aiuta - GRAZIE!<\/h5><p style=''><\/p><\/div><\/div><\/div>[vc_empty_space height=&#8221;20px&#8221;][\/vc_column][vc_column width=&#8221;1\/6&#8243;][vc_empty_space height=&#8221;50px&#8221;][vc_single_image image=&#8221;34361&#8243; img_size=&#8221;210&#215;160&#8243; css=&#8221;&#8221; qode_css_animation=&#8221;&#8221;][\/vc_column][\/vc_row][vc_row css_animation=&#8221;&#8221; row_type=&#8221;row&#8221; use_row_as_full_screen_section=&#8221;no&#8221; type=&#8221;full_width&#8221; angled_section=&#8221;no&#8221; text_align=&#8221;left&#8221; background_image_as_pattern=&#8221;without_pattern&#8221;][vc_column][vc_empty_space height=&#8221;60px&#8221;][\/vc_column][\/vc_row][vc_row css_animation=&#8221;&#8221; row_type=&#8221;row&#8221; use_row_as_full_screen_section=&#8221;no&#8221; type=&#8221;full_width&#8221; angled_section=&#8221;no&#8221; text_align=&#8221;left&#8221; background_image_as_pattern=&#8221;without_pattern&#8221; css=&#8221;.vc_custom_1551956363539{background-color: #f6f6f6 !important;}&#8221; z_index=&#8221;&#8221;][vc_column width=&#8221;1\/5&#8243;][\/vc_column][vc_column width=&#8221;1\/5&#8243;]<div class=\"qode-banner qode-banner-va-center\"><a class=\"qode-banner-link\" href=\"https:\/\/www.bergbauernhilfe.it\/it\/tipologia-dei-lavori\/\" target=\"_self\"><\/a><div class=\"qode-banner-image\"><img decoding=\"async\" itemprop=\"image\" src=\"https:\/\/www.bergbauernhilfe.it\/wp-content\/uploads\/2019\/04\/start_1.jpg\" alt=\"\" \/><\/div><div class=\"qode-banner-content\"><div class=\"qode-banner-content-inner\"><div class=\"qode-banner-text-holder\"><\/div><\/div><\/div><\/div><a  itemprop=\"url\" href=\"https:\/\/www.bergbauernhilfe.it\/it\/tipologia-dei-lavori\/\" target=\"_self\" data-hover-background-color=\"#ffffff\" data-hover-border-color=\"#9fa908\" data-hover-color=\"#9fa908\" class=\"qbutton  big_large_full_width center white enlarge buttonstart\" style=\"color: #ffffff; border-color: #9fa908; border-radius: 0pxpx;-moz-border-radius: 0pxpx;-webkit-border-radius: 0pxpx; background-color:#9fa908;\">Tipologia dei lavori<\/a>[\/vc_column][vc_column width=&#8221;1\/5&#8243;]<div class=\"qode-banner qode-banner-va-center\"><a class=\"qode-banner-link\" href=\"https:\/\/www.bergbauernhilfe.it\/it\/domande-frequenti\/\" target=\"_parent\"><\/a><div class=\"qode-banner-image\"><img decoding=\"async\" itemprop=\"image\" src=\"https:\/\/www.bergbauernhilfe.it\/wp-content\/uploads\/2019\/04\/start_2.jpg\" alt=\"\" \/><\/div><div class=\"qode-banner-content\"><div class=\"qode-banner-content-inner\"><div class=\"qode-banner-text-holder\"><\/div><\/div><\/div><\/div><a  itemprop=\"url\" href=\"https:\/\/www.bergbauernhilfe.it\/it\/domande-frequenti\/\" target=\"_self\" data-hover-background-color=\"#ffffff\" data-hover-border-color=\"#9fa908\" data-hover-color=\"#9fa908\" class=\"qbutton  big_large_full_width center white enlarge buttonstart\" style=\"color: #ffffff; border-color: #9fa908; border-radius: 0pxpx;-moz-border-radius: 0pxpx;-webkit-border-radius: 0pxpx; background-color:#9fa908;\">Domande frequenti<\/a>[\/vc_column][vc_column width=&#8221;1\/5&#8243;]<div class=\"qode-banner qode-banner-va-center\"><a class=\"qode-banner-link\" href=\"https:\/\/www.bergbauernhilfe.it\/it\/chi-puo-aiutare\/\" target=\"_parent\"><\/a><div class=\"qode-banner-image\"><img decoding=\"async\" itemprop=\"image\" src=\"https:\/\/www.bergbauernhilfe.it\/wp-content\/uploads\/2019\/04\/start_3.jpg\" alt=\"\" \/><\/div><div class=\"qode-banner-content\"><div class=\"qode-banner-content-inner\"><div class=\"qode-banner-text-holder\"><\/div><\/div><\/div><\/div><a  itemprop=\"url\" href=\"https:\/\/www.bergbauernhilfe.it\/it\/chi-puo-aiutare\/\" target=\"_self\" data-hover-background-color=\"#ffffff\" data-hover-border-color=\"#9fa908\" data-hover-color=\"#9fa908\" class=\"qbutton  big_large_full_width center white enlarge buttonstart\" style=\"color: #ffffff; border-color: #9fa908; border-radius: 0pxpx;-moz-border-radius: 0pxpx;-webkit-border-radius: 0pxpx; background-color:#9fa908;\">Chi pu\u00f2 aiutare?<\/a>[\/vc_column][vc_column width=&#8221;1\/5&#8243;][\/vc_column][\/vc_row][vc_row css_animation=&#8221;&#8221; row_type=&#8221;row&#8221; use_row_as_full_screen_section=&#8221;no&#8221; type=&#8221;full_width&#8221; angled_section=&#8221;no&#8221; text_align=&#8221;left&#8221; background_image_as_pattern=&#8221;without_pattern&#8221;][vc_column][vc_empty_space height=&#8221;82px&#8221;][\/vc_column][\/vc_row][vc_row row_type=&#8221;parallax&#8221; parallax_content_width=&#8221;in_grid&#8221; text_align=&#8221;left&#8221; full_screen_section_height=&#8221;no&#8221; anchor=&#8221;counters&#8221; background_image=&#8221;19293&#8243; section_height=&#8221;560&#8243; css=&#8221;.vc_custom_1560238071114{background-color: #ffffff !important;}&#8221;][vc_column width=&#8221;1\/6&#8243;][\/vc_column][vc_column width=&#8221;2\/3&#8243;][vc_empty_space height=&#8221;200px&#8221;][vc_empty_space][\/vc_column][vc_column width=&#8221;1\/6&#8243;][\/vc_column][\/vc_row][vc_row css_animation=&#8221;&#8221; row_type=&#8221;row&#8221; use_row_as_full_screen_section=&#8221;no&#8221; type=&#8221;grid&#8221; angled_section=&#8221;no&#8221; text_align=&#8221;left&#8221; background_image_as_pattern=&#8221;without_pattern&#8221; background_color=&#8221;#ffffff&#8221; padding_top=&#8221;46&#8243; padding_bottom=&#8221;49&#8243; z_index=&#8221;&#8221;][vc_column]<div class='qode_carousels_holder clearfix'><div class='qode_carousels' data-number-of-visible-items=''><ul class='slides'><li class='item'><div class=\"carousel_item_holder\"><a itemprop='url' href='https:\/\/www.sbb.it' target='_blank'><span class='first_image_holder has_hover_image'><img decoding=\"async\" itemprop=\"image\" src=\"https:\/\/www.bergbauernhilfe.it\/wp-content\/uploads\/2019\/03\/logo.png\" alt=\"carousel image\" \/><\/span><span class='second_image_holder has_hover_image'><img decoding=\"async\" itemprop=\"image\" src=\"https:\/\/www.bergbauernhilfe.it\/wp-content\/uploads\/2019\/03\/logo.png\" alt=\"carousel image\" \/><\/span><\/a><\/div><\/li><li class='item'><div class=\"carousel_item_holder\"><a itemprop='url' href='https:\/\/www.caritas.bz.it\/' target='_blank'><span class='first_image_holder has_hover_image'><img decoding=\"async\" itemprop=\"image\" src=\"https:\/\/www.bergbauernhilfe.it\/wp-content\/uploads\/2019\/03\/Caritas_Logo.png\" alt=\"carousel image\" \/><\/span><span class='second_image_holder has_hover_image'><img decoding=\"async\" itemprop=\"image\" src=\"https:\/\/www.bergbauernhilfe.it\/wp-content\/uploads\/2019\/03\/Caritas_Logo.png\" alt=\"carousel image\" \/><\/span><\/a><\/div><\/li><li class='item'><div class=\"carousel_item_holder\"><a itemprop='url' href='https:\/\/www.lebenshilfe.it\/137.html' target='_blank'><span class='first_image_holder has_hover_image'><img decoding=\"async\" itemprop=\"image\" src=\"https:\/\/www.bergbauernhilfe.it\/wp-content\/uploads\/2019\/03\/logo-de-1.png\" alt=\"carousel image\" \/><\/span><span class='second_image_holder has_hover_image'><img decoding=\"async\" itemprop=\"image\" src=\"https:\/\/www.bergbauernhilfe.it\/wp-content\/uploads\/2019\/03\/logo-de-1.png\" alt=\"carousel image\" \/><\/span><\/a><\/div><\/li><li class='item'><div class=\"carousel_item_holder\"><a itemprop='url' href='https:\/\/www.jugendring.it\/' target='_blank'><span class='first_image_holder has_hover_image'><img decoding=\"async\" itemprop=\"image\" src=\"https:\/\/www.bergbauernhilfe.it\/wp-content\/uploads\/2019\/03\/logo-1.png\" alt=\"carousel image\" \/><\/span><span class='second_image_holder has_hover_image'><img decoding=\"async\" itemprop=\"image\" src=\"https:\/\/www.bergbauernhilfe.it\/wp-content\/uploads\/2019\/03\/logo-1.png\" alt=\"carousel image\" \/><\/span><\/a><\/div><\/li><\/ul><\/div><\/div>[\/vc_column][\/vc_row]<\/p>\n<\/div>","protected":false},"excerpt":{"rendered":"<p>[vc_row css_animation=&#8221;&#8221; row_type=&#8221;row&#8221; use_row_as_full_screen_section=&#8221;no&#8221; type=&#8221;full_width&#8221; angled_section=&#8221;no&#8221; text_align=&#8221;left&#8221; background_image_as_pattern=&#8221;without_pattern&#8221;][vc_column][rev_slider_vc alias=&#8221;slider_ital&#8221;][\/vc_column][\/vc_row][vc_row css_animation=&#8221;&#8221; row_type=&#8221;row&#8221; use_row_as_full_screen_section=&#8221;no&#8221; type=&#8221;grid&#8221; angled_section=&#8221;no&#8221; text_align=&#8221;left&#8221; background_image_as_pattern=&#8221;without_pattern&#8221; background_color=&#8221;#ffffff&#8221; padding_top=&#8221;87&#8243; padding_bottom=&#8221;34&#8243;][vc_column][vc_column_text] CHI SIAMO? [\/vc_column_text][vc_zigzag color=&#8221;custom&#8221; el_width=&#8221;10&#8243; el_border_width=&#8221;8&#8243; custom_color=&#8221;#9fa908&#8243; css=&#8221;.vc_custom_1551436279935{border-bottom-width: 20px !important;}&#8221;][vc_empty_space height=&#8221;40px&#8221;][vc_column_text] L\u2019Associazione Volontariato in Montagna \u00e8 nata dalla convinzione che la donazione di denaro non sia&#8230;<\/p>\n","protected":false},"author":1,"featured_media":0,"parent":0,"menu_order":0,"comment_status":"open","ping_status":"open","template":"full_width.php","meta":{"ngg_post_thumbnail":0,"footnotes":""},"class_list":["post-18258","page","type-page","status-publish","hentry"],"yoast_head":"<!-- This site is optimized with the Yoast SEO plugin v27.4 - https:\/\/yoast.com\/product\/yoast-seo-wordpress\/ -->\n<title>L\u2019Associazione Volontariato in Montagna - Bergbauernhilfe S\u00fcdtirol<\/title>\n<meta name=\"robots\" content=\"index, follow, max-snippet:-1, max-image-preview:large, max-video-preview:-1\" \/>\n<link rel=\"canonical\" href=\"https:\/\/www.bergbauernhilfe.it\/it\/\" \/>\n<meta property=\"og:locale\" content=\"it_IT\" \/>\n<meta property=\"og:type\" content=\"article\" \/>\n<meta property=\"og:title\" content=\"L\u2019Associazione Volontariato in Montagna - Bergbauernhilfe S\u00fcdtirol\" \/>\n<meta property=\"og:description\" content=\"[vc_row css_animation=&#8221;&#8221; row_type=&#8221;row&#8221; use_row_as_full_screen_section=&#8221;no&#8221; type=&#8221;full_width&#8221; angled_section=&#8221;no&#8221; text_align=&#8221;left&#8221; background_image_as_pattern=&#8221;without_pattern&#8221;][vc_column][rev_slider_vc alias=&#8221;slider_ital&#8221;][\/vc_column][\/vc_row][vc_row css_animation=&#8221;&#8221; row_type=&#8221;row&#8221; use_row_as_full_screen_section=&#8221;no&#8221; type=&#8221;grid&#8221; angled_section=&#8221;no&#8221; text_align=&#8221;left&#8221; background_image_as_pattern=&#8221;without_pattern&#8221; background_color=&#8221;#ffffff&#8221; padding_top=&#8221;87&#8243; padding_bottom=&#8221;34&#8243;][vc_column][vc_column_text] CHI SIAMO? [\/vc_column_text][vc_zigzag color=&#8221;custom&#8221; el_width=&#8221;10&#8243; el_border_width=&#8221;8&#8243; custom_color=&#8221;#9fa908&#8243; css=&#8221;.vc_custom_1551436279935{border-bottom-width: 20px !important;}&#8221;][vc_empty_space height=&#8221;40px&#8221;][vc_column_text] L\u2019Associazione Volontariato in Montagna \u00e8 nata dalla convinzione che la donazione di denaro non sia...\" \/>\n<meta property=\"og:url\" content=\"https:\/\/www.bergbauernhilfe.it\/it\/\" \/>\n<meta property=\"og:site_name\" content=\"Bergbauernhilfe S\u00fcdtirol\" \/>\n<meta property=\"article:modified_time\" content=\"2026-03-17T14:18:33+00:00\" \/>\n<meta name=\"twitter:card\" content=\"summary_large_image\" \/>\n<meta name=\"twitter:label1\" content=\"Tempo di lettura stimato\" \/>\n\t<meta name=\"twitter:data1\" content=\"3 minuti\" \/>\n<script type=\"application\/ld+json\" class=\"yoast-schema-graph\">{\"@context\":\"https:\\\/\\\/schema.org\",\"@graph\":[{\"@type\":\"WebPage\",\"@id\":\"https:\\\/\\\/www.bergbauernhilfe.it\\\/it\\\/\",\"url\":\"https:\\\/\\\/www.bergbauernhilfe.it\\\/it\\\/\",\"name\":\"L\u2019Associazione Volontariato in Montagna - Bergbauernhilfe S\u00fcdtirol\",\"isPartOf\":{\"@id\":\"https:\\\/\\\/www.bergbauernhilfe.it\\\/#website\"},\"datePublished\":\"2019-06-07T08:23:49+00:00\",\"dateModified\":\"2026-03-17T14:18:33+00:00\",\"breadcrumb\":{\"@id\":\"https:\\\/\\\/www.bergbauernhilfe.it\\\/it\\\/#breadcrumb\"},\"inLanguage\":\"it-IT\",\"potentialAction\":[{\"@type\":\"ReadAction\",\"target\":[\"https:\\\/\\\/www.bergbauernhilfe.it\\\/it\\\/\"]}]},{\"@type\":\"BreadcrumbList\",\"@id\":\"https:\\\/\\\/www.bergbauernhilfe.it\\\/it\\\/#breadcrumb\",\"itemListElement\":[{\"@type\":\"ListItem\",\"position\":1,\"name\":\"Startseite\",\"item\":\"https:\\\/\\\/www.bergbauernhilfe.it\\\/it\\\/\"},{\"@type\":\"ListItem\",\"position\":2,\"name\":\"L\u2019Associazione Volontariato in Montagna\"}]},{\"@type\":\"WebSite\",\"@id\":\"https:\\\/\\\/www.bergbauernhilfe.it\\\/#website\",\"url\":\"https:\\\/\\\/www.bergbauernhilfe.it\\\/\",\"name\":\"Bergbauernhilfe S\u00fcdtirol\",\"description\":\"Freiwillige Arbeitseins\u00e4tze S\u00fcdtirol\",\"potentialAction\":[{\"@type\":\"SearchAction\",\"target\":{\"@type\":\"EntryPoint\",\"urlTemplate\":\"https:\\\/\\\/www.bergbauernhilfe.it\\\/?s={search_term_string}\"},\"query-input\":{\"@type\":\"PropertyValueSpecification\",\"valueRequired\":true,\"valueName\":\"search_term_string\"}}],\"inLanguage\":\"it-IT\"}]}<\/script>\n<!-- \/ Yoast SEO plugin. -->","yoast_head_json":{"title":"L\u2019Associazione Volontariato in Montagna - Bergbauernhilfe S\u00fcdtirol","robots":{"index":"index","follow":"follow","max-snippet":"max-snippet:-1","max-image-preview":"max-image-preview:large","max-video-preview":"max-video-preview:-1"},"canonical":"https:\/\/www.bergbauernhilfe.it\/it\/","og_locale":"it_IT","og_type":"article","og_title":"L\u2019Associazione Volontariato in Montagna - Bergbauernhilfe S\u00fcdtirol","og_description":"[vc_row css_animation=&#8221;&#8221; row_type=&#8221;row&#8221; use_row_as_full_screen_section=&#8221;no&#8221; type=&#8221;full_width&#8221; angled_section=&#8221;no&#8221; text_align=&#8221;left&#8221; background_image_as_pattern=&#8221;without_pattern&#8221;][vc_column][rev_slider_vc alias=&#8221;slider_ital&#8221;][\/vc_column][\/vc_row][vc_row css_animation=&#8221;&#8221; row_type=&#8221;row&#8221; use_row_as_full_screen_section=&#8221;no&#8221; type=&#8221;grid&#8221; angled_section=&#8221;no&#8221; text_align=&#8221;left&#8221; background_image_as_pattern=&#8221;without_pattern&#8221; background_color=&#8221;#ffffff&#8221; padding_top=&#8221;87&#8243; padding_bottom=&#8221;34&#8243;][vc_column][vc_column_text] CHI SIAMO? [\/vc_column_text][vc_zigzag color=&#8221;custom&#8221; el_width=&#8221;10&#8243; el_border_width=&#8221;8&#8243; custom_color=&#8221;#9fa908&#8243; css=&#8221;.vc_custom_1551436279935{border-bottom-width: 20px !important;}&#8221;][vc_empty_space height=&#8221;40px&#8221;][vc_column_text] L\u2019Associazione Volontariato in Montagna \u00e8 nata dalla convinzione che la donazione di denaro non sia...","og_url":"https:\/\/www.bergbauernhilfe.it\/it\/","og_site_name":"Bergbauernhilfe S\u00fcdtirol","article_modified_time":"2026-03-17T14:18:33+00:00","twitter_card":"summary_large_image","twitter_misc":{"Tempo di lettura stimato":"3 minuti"},"schema":{"@context":"https:\/\/schema.org","@graph":[{"@type":"WebPage","@id":"https:\/\/www.bergbauernhilfe.it\/it\/","url":"https:\/\/www.bergbauernhilfe.it\/it\/","name":"L\u2019Associazione Volontariato in Montagna - Bergbauernhilfe S\u00fcdtirol","isPartOf":{"@id":"https:\/\/www.bergbauernhilfe.it\/#website"},"datePublished":"2019-06-07T08:23:49+00:00","dateModified":"2026-03-17T14:18:33+00:00","breadcrumb":{"@id":"https:\/\/www.bergbauernhilfe.it\/it\/#breadcrumb"},"inLanguage":"it-IT","potentialAction":[{"@type":"ReadAction","target":["https:\/\/www.bergbauernhilfe.it\/it\/"]}]},{"@type":"BreadcrumbList","@id":"https:\/\/www.bergbauernhilfe.it\/it\/#breadcrumb","itemListElement":[{"@type":"ListItem","position":1,"name":"Startseite","item":"https:\/\/www.bergbauernhilfe.it\/it\/"},{"@type":"ListItem","position":2,"name":"L\u2019Associazione Volontariato in Montagna"}]},{"@type":"WebSite","@id":"https:\/\/www.bergbauernhilfe.it\/#website","url":"https:\/\/www.bergbauernhilfe.it\/","name":"Bergbauernhilfe S\u00fcdtirol","description":"Freiwillige Arbeitseins\u00e4tze S\u00fcdtirol","potentialAction":[{"@type":"SearchAction","target":{"@type":"EntryPoint","urlTemplate":"https:\/\/www.bergbauernhilfe.it\/?s={search_term_string}"},"query-input":{"@type":"PropertyValueSpecification","valueRequired":true,"valueName":"search_term_string"}}],"inLanguage":"it-IT"}]}},"_links":{"self":[{"href":"https:\/\/www.bergbauernhilfe.it\/it\/wp-json\/wp\/v2\/pages\/18258","targetHints":{"allow":["GET"]}}],"collection":[{"href":"https:\/\/www.bergbauernhilfe.it\/it\/wp-json\/wp\/v2\/pages"}],"about":[{"href":"https:\/\/www.bergbauernhilfe.it\/it\/wp-json\/wp\/v2\/types\/page"}],"author":[{"embeddable":true,"href":"https:\/\/www.bergbauernhilfe.it\/it\/wp-json\/wp\/v2\/users\/1"}],"replies":[{"embeddable":true,"href":"https:\/\/www.bergbauernhilfe.it\/it\/wp-json\/wp\/v2\/comments?post=18258"}],"version-history":[{"count":3,"href":"https:\/\/www.bergbauernhilfe.it\/it\/wp-json\/wp\/v2\/pages\/18258\/revisions"}],"predecessor-version":[{"id":35137,"href":"https:\/\/www.bergbauernhilfe.it\/it\/wp-json\/wp\/v2\/pages\/18258\/revisions\/35137"}],"wp:attachment":[{"href":"https:\/\/www.bergbauernhilfe.it\/it\/wp-json\/wp\/v2\/media?parent=18258"}],"curies":[{"name":"wp","href":"https:\/\/api.w.org\/{rel}","templated":true}]}}