{"id":18410,"date":"2019-06-11T08:23:36","date_gmt":"2019-06-11T06:23:36","guid":{"rendered":"https:\/\/www.bergbauernhilfe.at\/?page_id=18410"},"modified":"2019-06-11T16:28:22","modified_gmt":"2019-06-11T14:28:22","slug":"manifestazioni","status":"publish","type":"page","link":"https:\/\/www.bergbauernhilfe.it\/it\/manifestazioni\/","title":{"rendered":"Manifestazioni"},"content":{"rendered":"<div class=\"wpb-content-wrapper\"><p>[vc_row css_animation=&#8221;&#8221; row_type=&#8221;row&#8221; use_row_as_full_screen_section=&#8221;no&#8221; type=&#8221;grid&#8221; angled_section=&#8221;no&#8221; text_align=&#8221;left&#8221; background_image_as_pattern=&#8221;without_pattern&#8221; z_index=&#8221;&#8221;][vc_column width=&#8221;1\/6&#8243;][\/vc_column][vc_column width=&#8221;2\/3&#8243;][vc_column_text]<\/p>\n<h3 style=\"text-align: left;\">Qui troverete numerose foto dei nostri eventi&#8230;<\/h3>\n<p>[\/vc_column_text][vc_empty_space][\/vc_column][vc_column width=&#8221;1\/6&#8243;][\/vc_column][\/vc_row][vc_row css_animation=&#8221;&#8221; row_type=&#8221;row&#8221; use_row_as_full_screen_section=&#8221;no&#8221; type=&#8221;full_width&#8221; angled_section=&#8221;no&#8221; text_align=&#8221;left&#8221; background_image_as_pattern=&#8221;without_pattern&#8221;][vc_column][vc_column_text]<\/p>\n<p>ngg_shortcode_0_placeholder[\/vc_column_text][\/vc_column][\/vc_row][vc_row css_animation=&#8221;&#8221; row_type=&#8221;row&#8221; use_row_as_full_screen_section=&#8221;no&#8221; type=&#8221;full_width&#8221; angled_section=&#8221;no&#8221; text_align=&#8221;left&#8221; background_image_as_pattern=&#8221;without_pattern&#8221;][vc_column][vc_empty_space height=&#8221;50px&#8221;][\/vc_column][\/vc_row]<\/p>\n<\/div>","protected":false},"excerpt":{"rendered":"<p>[vc_row css_animation=&#8221;&#8221; row_type=&#8221;row&#8221; use_row_as_full_screen_section=&#8221;no&#8221; type=&#8221;grid&#8221; angled_section=&#8221;no&#8221; text_align=&#8221;left&#8221; background_image_as_pattern=&#8221;without_pattern&#8221; z_index=&#8221;&#8221;][vc_column width=&#8221;1\/6&#8243;][\/vc_column][vc_column width=&#8221;2\/3&#8243;][vc_column_text] Qui troverete numerose foto dei nostri eventi&#8230; [\/vc_column_text][vc_empty_space][\/vc_column][vc_column width=&#8221;1\/6&#8243;][\/vc_column][\/vc_row][vc_row css_animation=&#8221;&#8221; row_type=&#8221;row&#8221; use_row_as_full_screen_section=&#8221;no&#8221; type=&#8221;full_width&#8221; angled_section=&#8221;no&#8221; text_align=&#8221;left&#8221; background_image_as_pattern=&#8221;without_pattern&#8221;][vc_column][vc_column_text] [\/vc_column_text][\/vc_column][\/vc_row][vc_row css_animation=&#8221;&#8221; row_type=&#8221;row&#8221; use_row_as_full_screen_section=&#8221;no&#8221; type=&#8221;full_width&#8221; angled_section=&#8221;no&#8221; text_align=&#8221;left&#8221; background_image_as_pattern=&#8221;without_pattern&#8221;][vc_column][vc_empty_space height=&#8221;50px&#8221;][\/vc_column][\/vc_row]<\/p>\n","protected":false},"author":1,"featured_media":0,"parent":0,"menu_order":0,"comment_status":"closed","ping_status":"closed","template":"","meta":{"ngg_post_thumbnail":0,"footnotes":""},"class_list":["post-18410","page","type-page","status-publish","hentry"],"yoast_head":"<!-- This site is optimized with the Yoast SEO plugin v27.5 - https:\/\/yoast.com\/product\/yoast-seo-wordpress\/ -->\n<title>Manifestazioni - Bergbauernhilfe S\u00fcdtirol<\/title>\n<meta name=\"robots\" content=\"index, follow, max-snippet:-1, max-image-preview:large, max-video-preview:-1\" \/>\n<link rel=\"canonical\" href=\"https:\/\/www.bergbauernhilfe.it\/it\/manifestazioni\/\" \/>\n<meta property=\"og:locale\" content=\"it_IT\" \/>\n<meta property=\"og:type\" content=\"article\" \/>\n<meta property=\"og:title\" content=\"Manifestazioni - Bergbauernhilfe S\u00fcdtirol\" \/>\n<meta property=\"og:description\" content=\"[vc_row css_animation=&#8221;&#8221; row_type=&#8221;row&#8221; use_row_as_full_screen_section=&#8221;no&#8221; type=&#8221;grid&#8221; angled_section=&#8221;no&#8221; text_align=&#8221;left&#8221; background_image_as_pattern=&#8221;without_pattern&#8221; z_index=&#8221;&#8221;][vc_column width=&#8221;1\/6&#8243;][\/vc_column][vc_column width=&#8221;2\/3&#8243;][vc_column_text] Qui troverete numerose foto dei nostri eventi&#8230; [\/vc_column_text][vc_empty_space][\/vc_column][vc_column width=&#8221;1\/6&#8243;][\/vc_column][\/vc_row][vc_row css_animation=&#8221;&#8221; row_type=&#8221;row&#8221; use_row_as_full_screen_section=&#8221;no&#8221; type=&#8221;full_width&#8221; angled_section=&#8221;no&#8221; text_align=&#8221;left&#8221; background_image_as_pattern=&#8221;without_pattern&#8221;][vc_column][vc_column_text] [\/vc_column_text][\/vc_column][\/vc_row][vc_row css_animation=&#8221;&#8221; row_type=&#8221;row&#8221; use_row_as_full_screen_section=&#8221;no&#8221; type=&#8221;full_width&#8221; angled_section=&#8221;no&#8221; text_align=&#8221;left&#8221; background_image_as_pattern=&#8221;without_pattern&#8221;][vc_column][vc_empty_space height=&#8221;50px&#8221;][\/vc_column][\/vc_row]\" \/>\n<meta property=\"og:url\" content=\"https:\/\/www.bergbauernhilfe.it\/it\/manifestazioni\/\" \/>\n<meta property=\"og:site_name\" content=\"Bergbauernhilfe S\u00fcdtirol\" \/>\n<meta property=\"article:modified_time\" content=\"2019-06-11T14:28:22+00:00\" \/>\n<meta name=\"twitter:card\" content=\"summary_large_image\" \/>\n<meta name=\"twitter:label1\" content=\"Tempo di lettura stimato\" \/>\n\t<meta name=\"twitter:data1\" content=\"1 minuto\" \/>\n<script type=\"application\/ld+json\" class=\"yoast-schema-graph\">{\"@context\":\"https:\\\/\\\/schema.org\",\"@graph\":[{\"@type\":\"WebPage\",\"@id\":\"https:\\\/\\\/www.bergbauernhilfe.it\\\/it\\\/manifestazioni\\\/\",\"url\":\"https:\\\/\\\/www.bergbauernhilfe.it\\\/it\\\/manifestazioni\\\/\",\"name\":\"Manifestazioni - Bergbauernhilfe S\u00fcdtirol\",\"isPartOf\":{\"@id\":\"https:\\\/\\\/www.bergbauernhilfe.it\\\/#website\"},\"datePublished\":\"2019-06-11T06:23:36+00:00\",\"dateModified\":\"2019-06-11T14:28:22+00:00\",\"breadcrumb\":{\"@id\":\"https:\\\/\\\/www.bergbauernhilfe.it\\\/it\\\/manifestazioni\\\/#breadcrumb\"},\"inLanguage\":\"it-IT\",\"potentialAction\":[{\"@type\":\"ReadAction\",\"target\":[\"https:\\\/\\\/www.bergbauernhilfe.it\\\/it\\\/manifestazioni\\\/\"]}]},{\"@type\":\"BreadcrumbList\",\"@id\":\"https:\\\/\\\/www.bergbauernhilfe.it\\\/it\\\/manifestazioni\\\/#breadcrumb\",\"itemListElement\":[{\"@type\":\"ListItem\",\"position\":1,\"name\":\"Startseite\",\"item\":\"https:\\\/\\\/www.bergbauernhilfe.it\\\/it\\\/\"},{\"@type\":\"ListItem\",\"position\":2,\"name\":\"Manifestazioni\"}]},{\"@type\":\"WebSite\",\"@id\":\"https:\\\/\\\/www.bergbauernhilfe.it\\\/#website\",\"url\":\"https:\\\/\\\/www.bergbauernhilfe.it\\\/\",\"name\":\"Bergbauernhilfe S\u00fcdtirol\",\"description\":\"Freiwillige Arbeitseins\u00e4tze S\u00fcdtirol\",\"potentialAction\":[{\"@type\":\"SearchAction\",\"target\":{\"@type\":\"EntryPoint\",\"urlTemplate\":\"https:\\\/\\\/www.bergbauernhilfe.it\\\/?s={search_term_string}\"},\"query-input\":{\"@type\":\"PropertyValueSpecification\",\"valueRequired\":true,\"valueName\":\"search_term_string\"}}],\"inLanguage\":\"it-IT\"}]}<\/script>\n<!-- \/ Yoast SEO plugin. -->","yoast_head_json":{"title":"Manifestazioni - Bergbauernhilfe S\u00fcdtirol","robots":{"index":"index","follow":"follow","max-snippet":"max-snippet:-1","max-image-preview":"max-image-preview:large","max-video-preview":"max-video-preview:-1"},"canonical":"https:\/\/www.bergbauernhilfe.it\/it\/manifestazioni\/","og_locale":"it_IT","og_type":"article","og_title":"Manifestazioni - Bergbauernhilfe S\u00fcdtirol","og_description":"[vc_row css_animation=&#8221;&#8221; row_type=&#8221;row&#8221; use_row_as_full_screen_section=&#8221;no&#8221; type=&#8221;grid&#8221; angled_section=&#8221;no&#8221; text_align=&#8221;left&#8221; background_image_as_pattern=&#8221;without_pattern&#8221; z_index=&#8221;&#8221;][vc_column width=&#8221;1\/6&#8243;][\/vc_column][vc_column width=&#8221;2\/3&#8243;][vc_column_text] Qui troverete numerose foto dei nostri eventi&#8230; [\/vc_column_text][vc_empty_space][\/vc_column][vc_column width=&#8221;1\/6&#8243;][\/vc_column][\/vc_row][vc_row css_animation=&#8221;&#8221; row_type=&#8221;row&#8221; use_row_as_full_screen_section=&#8221;no&#8221; type=&#8221;full_width&#8221; angled_section=&#8221;no&#8221; text_align=&#8221;left&#8221; background_image_as_pattern=&#8221;without_pattern&#8221;][vc_column][vc_column_text] [\/vc_column_text][\/vc_column][\/vc_row][vc_row css_animation=&#8221;&#8221; row_type=&#8221;row&#8221; use_row_as_full_screen_section=&#8221;no&#8221; type=&#8221;full_width&#8221; angled_section=&#8221;no&#8221; text_align=&#8221;left&#8221; background_image_as_pattern=&#8221;without_pattern&#8221;][vc_column][vc_empty_space height=&#8221;50px&#8221;][\/vc_column][\/vc_row]","og_url":"https:\/\/www.bergbauernhilfe.it\/it\/manifestazioni\/","og_site_name":"Bergbauernhilfe S\u00fcdtirol","article_modified_time":"2019-06-11T14:28:22+00:00","twitter_card":"summary_large_image","twitter_misc":{"Tempo di lettura stimato":"1 minuto"},"schema":{"@context":"https:\/\/schema.org","@graph":[{"@type":"WebPage","@id":"https:\/\/www.bergbauernhilfe.it\/it\/manifestazioni\/","url":"https:\/\/www.bergbauernhilfe.it\/it\/manifestazioni\/","name":"Manifestazioni - Bergbauernhilfe S\u00fcdtirol","isPartOf":{"@id":"https:\/\/www.bergbauernhilfe.it\/#website"},"datePublished":"2019-06-11T06:23:36+00:00","dateModified":"2019-06-11T14:28:22+00:00","breadcrumb":{"@id":"https:\/\/www.bergbauernhilfe.it\/it\/manifestazioni\/#breadcrumb"},"inLanguage":"it-IT","potentialAction":[{"@type":"ReadAction","target":["https:\/\/www.bergbauernhilfe.it\/it\/manifestazioni\/"]}]},{"@type":"BreadcrumbList","@id":"https:\/\/www.bergbauernhilfe.it\/it\/manifestazioni\/#breadcrumb","itemListElement":[{"@type":"ListItem","position":1,"name":"Startseite","item":"https:\/\/www.bergbauernhilfe.it\/it\/"},{"@type":"ListItem","position":2,"name":"Manifestazioni"}]},{"@type":"WebSite","@id":"https:\/\/www.bergbauernhilfe.it\/#website","url":"https:\/\/www.bergbauernhilfe.it\/","name":"Bergbauernhilfe S\u00fcdtirol","description":"Freiwillige Arbeitseins\u00e4tze S\u00fcdtirol","potentialAction":[{"@type":"SearchAction","target":{"@type":"EntryPoint","urlTemplate":"https:\/\/www.bergbauernhilfe.it\/?s={search_term_string}"},"query-input":{"@type":"PropertyValueSpecification","valueRequired":true,"valueName":"search_term_string"}}],"inLanguage":"it-IT"}]}},"_links":{"self":[{"href":"https:\/\/www.bergbauernhilfe.it\/it\/wp-json\/wp\/v2\/pages\/18410","targetHints":{"allow":["GET"]}}],"collection":[{"href":"https:\/\/www.bergbauernhilfe.it\/it\/wp-json\/wp\/v2\/pages"}],"about":[{"href":"https:\/\/www.bergbauernhilfe.it\/it\/wp-json\/wp\/v2\/types\/page"}],"author":[{"embeddable":true,"href":"https:\/\/www.bergbauernhilfe.it\/it\/wp-json\/wp\/v2\/users\/1"}],"replies":[{"embeddable":true,"href":"https:\/\/www.bergbauernhilfe.it\/it\/wp-json\/wp\/v2\/comments?post=18410"}],"version-history":[{"count":0,"href":"https:\/\/www.bergbauernhilfe.it\/it\/wp-json\/wp\/v2\/pages\/18410\/revisions"}],"wp:attachment":[{"href":"https:\/\/www.bergbauernhilfe.it\/it\/wp-json\/wp\/v2\/media?parent=18410"}],"curies":[{"name":"wp","href":"https:\/\/api.w.org\/{rel}","templated":true}]}}