{"id":19896,"date":"2019-06-13T08:49:41","date_gmt":"2019-06-13T06:49:41","guid":{"rendered":"https:\/\/www.bergbauernhilfe.at\/colophon-privacy-cookies\/"},"modified":"2022-08-01T09:59:12","modified_gmt":"2022-08-01T07:59:12","slug":"colophon-privacy-cookies","status":"publish","type":"page","link":"https:\/\/www.bergbauernhilfe.it\/it\/colophon-privacy-cookies\/","title":{"rendered":"Colophon-Privacy"},"content":{"rendered":"<h3 align=\"justify\">Responsabile per il contenuto:<\/h3>\n<p>Associazione Volontariato in Montagna (AVM)<br \/>\nc\/o S\u00fcdtiroler Bauernbund&nbsp;<br \/>\nCoordinatrice: Monika Thaler<br \/>\nVia Piani d&#8217;Isarco n. 8&nbsp; &nbsp;<br \/>\nCasella postale 421<br \/>\n39100 BOLZANO<br \/>\nE-Mail:&nbsp;<a href=\"mailto:info@bergbauernhilfe.it\">info@bergbauernhilfe.it<\/a><br \/>\n&nbsp;<\/p>\n<p align=\"justify\"><strong>Programmazione e realizzazione tecnica:<\/strong><br \/>\n<a href=\"http:\/\/www.websache.it\/\" target=\"_blank\" rel=\"noopener noreferrer\">websache.it \u2013 Webseiten mit Biss!<\/a><\/p>\n<p>&nbsp;<\/p>\n<p><strong>Copyright:<br \/>\n<\/strong>Tutte le foto, i testi e i contenuti sono propriet\u00e0 del Associazione Volontariato in Montagna e Pixabay.<\/p>\n<p>&nbsp;<\/p>\n<div align=\"justify\">\n<p><strong>Responsabilit\u00e0 per link:<\/strong><br \/>\nNonostante il controllo accurato dei contenuti non assumiamo nessuna responsabilit\u00e0 per i contenuti di link esterni. Per il contenuto delle pagine collegate rispondono esclusivamente i relativi gestori.<\/p>\n<p>&nbsp;<\/p>\n<\/div>\n<h3>Diritti d&#8217;autore<\/h3>\n<div align=\"justify\">Il contenuto di questo sito \u00e8 tutelato dalle leggi che regolano il diritto d&#8217;autore. L&#8217;utilizzo di contenuti e materiale fotografico di questo sito \u00e8 consentito solamente previa autorizzazione esplicita della redazione. Le informazioni contenute in questo sito sono redatte con scienza e sono verificate con cura in merito alla loro esattezza. Tuttavia non si possono escludere del tutto errori di contenuto e di fatto. Sia la Associazione Volontariato in Montagna (AVM) sia la Primosolution di Robert Huber non assumono nessuna garanzia e non rispondono per l&#8217;esattezza, l&#8217;attualit\u00e0 e la completezza delle informazioni fornite. Tutte le informazioni si intendono fornite senza garanzia. Ci\u00f2 vale anche per tutti i link verso altre URL indicati nel nostro sito.<\/div>\n<div align=\"justify\">\n<p><strong>Informazioni sul trattamento dei dati personali<br \/>\n<\/strong>Prima pubblicazione: 24.05.2018<br \/>\nVersione: 23.07.2019<\/p>\n<p>La protezione dei Vostri dati personali \u00e8 importante per noi. In questa Informativa sulla protezione dei dati personali, formulata ai sensi del regolamento (EU) 2016\/679, di seguito GDPR, Vi spieghiamo come raccogliamo le Vostre informazioni personali, cosa facciamo con essi, per quale scopo e su quale base giuridica. Riceverete inoltre informazioni sui Vostri diritti.<\/p>\n<p>&nbsp;<\/p>\n<p><strong>Identit\u00e0 e dati di contatto del titolare:<\/strong><\/p>\n<p>Associazione Volontariato in Montagna (AVM)<\/p>\n<p>c\/o S\u00fcdtiroler Bauernbund<\/p>\n<p>Coordinatrice: Monika Thaler<\/p>\n<p>Via Piani d\u2019Isarco n. 8&nbsp;&nbsp;<\/p>\n<p>Casella postale 421<\/p>\n<p>39100 BOLZANO<\/p>\n<p>E-Mail: info@bergbauernhilfe.it<\/p>\n<p>&nbsp;<\/p>\n<p><strong>Dati di contatto del responsabile della protezione dei dati:<\/strong><\/p>\n<p>Ogni persona interessata pu\u00f2 contattare il nostro DPO Dott. Armin Wieser per domande riguardanti la protezione dei suoi dati o l\u2019esercizio dei Suoi diritti, scrivendo una e-mail al seguente indirizzo: datenschutz@sbb.it<\/p>\n<p>&nbsp;<\/p>\n<p><strong>Finalit\u00e0 e base giuridica del trattamento:<\/strong><\/p>\n<p>Quando visitate il nostro sito web, memorizziamo alcune informazioni:<\/p>\n<p>&nbsp;<\/p>\n<ul>\n<li>Informazioni sul browser e sul sistema operativo in uso<\/li>\n<li>la data e l&#8217;ora della visita,<\/li>\n<li>lo stato di accesso (ad esempio, se siete stati in grado di accedere a una pagina Web o se invece avete ricevuto un messaggio di errore),<\/li>\n<li>l&#8217;uso delle funzioni del sito web,<\/li>\n<li>i termini di ricerca che avete inserito,<\/li>\n<li>la frequenza con cui si accede a singole pagine Web,<\/li>\n<li>il nome dei file recuperati,<\/li>\n<li>la quantit\u00e0 di dati trasferiti,<\/li>\n<li>il sito web da cui siete arrivati sui nostri siti web,<\/li>\n<li>il sito Web che visitate dai nostri siti Web,<\/li>\n<li>Inoltre, per motivi di sicurezza, in particolare per prevenire e rilevare gli attacchi sui nostri siti Web e la prevenzione di frodi, archiviamo il Vostro indirizzo IP e il nome del Vostro fornitore di servizi Internet per un periodo di sette giorni.<\/li>\n<\/ul>\n<p>&nbsp;<\/p>\n<p>La memorizzazione temporanea dell&#8217;indirizzo IP da parte del sistema \u00e8 necessaria per consentire al sito Web di essere collegato al computer dell&#8217;utente. Per questo, l&#8217;indirizzo IP della persona interessata deve rimanere memorizzato per l&#8217;intera durata della sessione.<\/p>\n<p>&nbsp;<\/p>\n<p>Finalit\u00e0:<\/p>\n<ol>\n<li>Utilizziamo i dati personali raccolti durante il Vostro utilizzo della presente pagina Web per poterlo utilizzare in modo user-friendly e per proteggere i nostri sistemi dagli attacchi.<\/li>\n<li>Se invece ci avete fornito dati personali nel contesto di una registrazione, compilazione di un modulo di contatto, un sondaggio o per adempiere ad una obbligazione contrattuale utilizziamo i Vostri dati per le finalit\u00e0 menzionate, ai fini della gestione del rapporto con i nostri clienti e ai fini dell&#8217;elaborazione di queste transazioni commerciali, sempre nella misura necessaria.<\/li>\n<\/ol>\n<p>Base giuridica:<\/p>\n<ol>\n<li>Nella misura in cui ci avete dato il consenso al trattamento dei Vostri dati personali, questa rappresenta la base giuridica per l&#8217;elaborazione (vedi articolo 6, comma, 1 lettera a) GDPR).<\/li>\n<li>Per il trattamento dei dati personali ai fini della preparazione di un&#8217;offerta o l&#8217;adempimento di un contratto con Voi, la base giuridica \u00e8 l&#8217;articolo 6, comma,1 lettera b) GDPR.<\/li>\n<li>Nella misura in cui il trattamento dei Vostri dati personali \u00e8 necessario per adempiere ai nostri obblighi di legge, siamo autorizzati a farlo ai sensi dell&#8217;articolo 6, comma 1, lettera c) del GDPR.<\/li>\n<li>Inoltre, trattiamo i Vostri dati personali allo scopo di esercitare i nostri interessi legittimi ai sensi dell&#8217;articolo 6, comma 1, lettera f) del GDPR.<\/li>\n<\/ol>\n<p>&nbsp;<\/p>\n<p><strong>Interessi legittimi:<\/strong><\/p>\n<p>Mantenere la funzionalit\u00e0 dei nostri sistemi IT, il marketing dei nostri prodotti e servizi, nonch\u00e9 la documentazione dei contatti commerciali rappresentano per noi interessi legittimi.<\/p>\n<p>&nbsp;<\/p>\n<p><strong>Intenzione del titolare del trattamento di trasferire dati personali a un paese terzo o a un&#8217;organizzazione internazionale<\/strong><\/p>\n<p><strong>&nbsp;<\/strong>I tuoi dati non saranno trasmessi a paesi terzi o organizzazioni internazionali. Se i dati dell&#8217;utente devono essere trasmessi a paesi terzi durante le visite al sito web tramite funzioni integrate, contattare i responsabili.<\/p>\n<p>&nbsp;<\/p>\n<p><strong>Periodo di conservazione:<\/strong><\/p>\n<p>I Vostri dati verranno cancellati non appena non saranno pi\u00f9 necessari ai fini della registrazione. Per sapere di pi\u00f9 sulla nostra strategia di cancellazione die dati, contattateci tramite e-mail.<\/p>\n<p>&nbsp;<\/p>\n<p><strong>I Vostri diritti:<\/strong><\/p>\n<p>Ogni persona interessata ha il diritto di revocare il consenso fornito ai sensi dell\u2019art. 7, comma 3 GDPR, il diritto di ricevere le informazioni di cui all\u2019art. 15 GDPR, il diritto di modificare o correggere i Suoi dati personali, previsto dall\u2019art. 16 GDPR, il diritto all\u2019oblio, ai sensi dell\u2019art. 17 GDPR, il diritto alla limitazione del trattamento previsto dall\u2019art 18 GDPR, il diritto di opposizione di cui all\u2019art. 21 e il diritto alla portabilit\u00e0 dei dati di cui all\u2019art. 20 GDPR.<\/p>\n<p>Infine, ogni persona interessata pu\u00f2 proporre reclamo all\u2019autorit\u00e0 garante (art. 77 GDPR): www.garanteprivacy.it;<\/p>\n<p><em>&nbsp;<\/em><\/p>\n<p><strong>Comunicazione di dati personali<\/strong><\/p>\n<p>Non siete legalmente o contrattualmente obbligati a fornirci i Vostri dati personali per l&#8217;utilizzo del sito. \u00c8 tuttavia possibile che determinate funzioni del sito Web dipendano dal trasferimento di dati personali. Il mancato consenso comporter\u00e0 un accesso limitato o la rinuncia ad alcune funzionalit\u00e0 del sito.<\/p>\n<p>&nbsp;<\/p>\n<p><strong>Processo decisionale automatizzato:<\/strong><\/p>\n<p><strong>&nbsp;<\/strong>Non eseguiamo alcun processo decisionale automatizzato, n\u00e9 di profilazione secondo l&#8217;articolo 22 comma 1 e 4 GDPR.<\/p>\n<p>&nbsp;<\/p>\n<p><strong>Uso dei dati per finalit\u00e0 diverse:<\/strong><\/p>\n<p>Qualsiasi utilizzo dei dati dell&#8217;utente per scopi diversi da quelli per cui sono stati raccolti verr\u00e0 effettuato solo con notifica preventiva e tenendo conto di tutti i diritti dell&#8217;utente.<\/p>\n<p>&nbsp;<\/p>\n<p><strong>Note:<\/strong> Questa informativa sar\u00e0 aggiornata regolarmente. Siete pregati di verificarla regolarmente.<\/p>\n<\/div>\n<div align=\"justify\">\n<p>&nbsp;<\/p>\n<p>&nbsp;<\/p>\n<\/div>\n<p>&nbsp;<\/p>\n<p>&nbsp;<\/p>\n<p>&nbsp;<\/p>\n","protected":false},"excerpt":{"rendered":"<p>Responsabile per il contenuto: Associazione Volontariato in Montagna (AVM) c\/o S\u00fcdtiroler Bauernbund&nbsp; Coordinatrice: Monika Thaler Via Piani d&#8217;Isarco n. 8&nbsp; &nbsp; Casella postale 421 39100 BOLZANO E-Mail:&nbsp;info@bergbauernhilfe.it &nbsp; Programmazione e realizzazione tecnica: websache.it \u2013 Webseiten mit Biss! &nbsp; Copyright: Tutte le foto, i testi e&#8230;<\/p>\n","protected":false},"author":1,"featured_media":0,"parent":0,"menu_order":0,"comment_status":"closed","ping_status":"closed","template":"","meta":{"ngg_post_thumbnail":0,"footnotes":""},"class_list":["post-19896","page","type-page","status-publish","hentry"],"yoast_head":"<!-- This site is optimized with the Yoast SEO plugin v27.3 - https:\/\/yoast.com\/product\/yoast-seo-wordpress\/ -->\n<title>Colophon-Privacy - Bergbauernhilfe S\u00fcdtirol<\/title>\n<meta name=\"robots\" content=\"index, follow, max-snippet:-1, max-image-preview:large, max-video-preview:-1\" \/>\n<link rel=\"canonical\" href=\"https:\/\/www.bergbauernhilfe.it\/it\/colophon-privacy-cookies\/\" \/>\n<meta property=\"og:locale\" content=\"it_IT\" \/>\n<meta property=\"og:type\" content=\"article\" \/>\n<meta property=\"og:title\" content=\"Colophon-Privacy - Bergbauernhilfe S\u00fcdtirol\" \/>\n<meta property=\"og:description\" content=\"Responsabile per il contenuto: Associazione Volontariato in Montagna (AVM) c\/o S\u00fcdtiroler Bauernbund&nbsp; Coordinatrice: Monika Thaler Via Piani d&#8217;Isarco n. 8&nbsp; &nbsp; Casella postale 421 39100 BOLZANO E-Mail:&nbsp;info@bergbauernhilfe.it &nbsp; Programmazione e realizzazione tecnica: websache.it \u2013 Webseiten mit Biss! &nbsp; Copyright: Tutte le foto, i testi e...\" \/>\n<meta property=\"og:url\" content=\"https:\/\/www.bergbauernhilfe.it\/it\/colophon-privacy-cookies\/\" \/>\n<meta property=\"og:site_name\" content=\"Bergbauernhilfe S\u00fcdtirol\" \/>\n<meta property=\"article:modified_time\" content=\"2022-08-01T07:59:12+00:00\" \/>\n<meta name=\"twitter:card\" content=\"summary_large_image\" \/>\n<meta name=\"twitter:label1\" content=\"Tempo di lettura stimato\" \/>\n\t<meta name=\"twitter:data1\" content=\"6 minuti\" \/>\n<script type=\"application\/ld+json\" class=\"yoast-schema-graph\">{\"@context\":\"https:\\\/\\\/schema.org\",\"@graph\":[{\"@type\":\"WebPage\",\"@id\":\"https:\\\/\\\/www.bergbauernhilfe.it\\\/it\\\/colophon-privacy-cookies\\\/\",\"url\":\"https:\\\/\\\/www.bergbauernhilfe.it\\\/it\\\/colophon-privacy-cookies\\\/\",\"name\":\"Colophon-Privacy - Bergbauernhilfe S\u00fcdtirol\",\"isPartOf\":{\"@id\":\"https:\\\/\\\/www.bergbauernhilfe.it\\\/#website\"},\"datePublished\":\"2019-06-13T06:49:41+00:00\",\"dateModified\":\"2022-08-01T07:59:12+00:00\",\"breadcrumb\":{\"@id\":\"https:\\\/\\\/www.bergbauernhilfe.it\\\/it\\\/colophon-privacy-cookies\\\/#breadcrumb\"},\"inLanguage\":\"it-IT\",\"potentialAction\":[{\"@type\":\"ReadAction\",\"target\":[\"https:\\\/\\\/www.bergbauernhilfe.it\\\/it\\\/colophon-privacy-cookies\\\/\"]}]},{\"@type\":\"BreadcrumbList\",\"@id\":\"https:\\\/\\\/www.bergbauernhilfe.it\\\/it\\\/colophon-privacy-cookies\\\/#breadcrumb\",\"itemListElement\":[{\"@type\":\"ListItem\",\"position\":1,\"name\":\"Startseite\",\"item\":\"https:\\\/\\\/www.bergbauernhilfe.it\\\/it\\\/\"},{\"@type\":\"ListItem\",\"position\":2,\"name\":\"Colophon-Privacy\"}]},{\"@type\":\"WebSite\",\"@id\":\"https:\\\/\\\/www.bergbauernhilfe.it\\\/#website\",\"url\":\"https:\\\/\\\/www.bergbauernhilfe.it\\\/\",\"name\":\"Bergbauernhilfe S\u00fcdtirol\",\"description\":\"Freiwillige Arbeitseins\u00e4tze S\u00fcdtirol\",\"potentialAction\":[{\"@type\":\"SearchAction\",\"target\":{\"@type\":\"EntryPoint\",\"urlTemplate\":\"https:\\\/\\\/www.bergbauernhilfe.it\\\/?s={search_term_string}\"},\"query-input\":{\"@type\":\"PropertyValueSpecification\",\"valueRequired\":true,\"valueName\":\"search_term_string\"}}],\"inLanguage\":\"it-IT\"}]}<\/script>\n<!-- \/ Yoast SEO plugin. -->","yoast_head_json":{"title":"Colophon-Privacy - Bergbauernhilfe S\u00fcdtirol","robots":{"index":"index","follow":"follow","max-snippet":"max-snippet:-1","max-image-preview":"max-image-preview:large","max-video-preview":"max-video-preview:-1"},"canonical":"https:\/\/www.bergbauernhilfe.it\/it\/colophon-privacy-cookies\/","og_locale":"it_IT","og_type":"article","og_title":"Colophon-Privacy - Bergbauernhilfe S\u00fcdtirol","og_description":"Responsabile per il contenuto: Associazione Volontariato in Montagna (AVM) c\/o S\u00fcdtiroler Bauernbund&nbsp; Coordinatrice: Monika Thaler Via Piani d&#8217;Isarco n. 8&nbsp; &nbsp; Casella postale 421 39100 BOLZANO E-Mail:&nbsp;info@bergbauernhilfe.it &nbsp; Programmazione e realizzazione tecnica: websache.it \u2013 Webseiten mit Biss! &nbsp; Copyright: Tutte le foto, i testi e...","og_url":"https:\/\/www.bergbauernhilfe.it\/it\/colophon-privacy-cookies\/","og_site_name":"Bergbauernhilfe S\u00fcdtirol","article_modified_time":"2022-08-01T07:59:12+00:00","twitter_card":"summary_large_image","twitter_misc":{"Tempo di lettura stimato":"6 minuti"},"schema":{"@context":"https:\/\/schema.org","@graph":[{"@type":"WebPage","@id":"https:\/\/www.bergbauernhilfe.it\/it\/colophon-privacy-cookies\/","url":"https:\/\/www.bergbauernhilfe.it\/it\/colophon-privacy-cookies\/","name":"Colophon-Privacy - Bergbauernhilfe S\u00fcdtirol","isPartOf":{"@id":"https:\/\/www.bergbauernhilfe.it\/#website"},"datePublished":"2019-06-13T06:49:41+00:00","dateModified":"2022-08-01T07:59:12+00:00","breadcrumb":{"@id":"https:\/\/www.bergbauernhilfe.it\/it\/colophon-privacy-cookies\/#breadcrumb"},"inLanguage":"it-IT","potentialAction":[{"@type":"ReadAction","target":["https:\/\/www.bergbauernhilfe.it\/it\/colophon-privacy-cookies\/"]}]},{"@type":"BreadcrumbList","@id":"https:\/\/www.bergbauernhilfe.it\/it\/colophon-privacy-cookies\/#breadcrumb","itemListElement":[{"@type":"ListItem","position":1,"name":"Startseite","item":"https:\/\/www.bergbauernhilfe.it\/it\/"},{"@type":"ListItem","position":2,"name":"Colophon-Privacy"}]},{"@type":"WebSite","@id":"https:\/\/www.bergbauernhilfe.it\/#website","url":"https:\/\/www.bergbauernhilfe.it\/","name":"Bergbauernhilfe S\u00fcdtirol","description":"Freiwillige Arbeitseins\u00e4tze S\u00fcdtirol","potentialAction":[{"@type":"SearchAction","target":{"@type":"EntryPoint","urlTemplate":"https:\/\/www.bergbauernhilfe.it\/?s={search_term_string}"},"query-input":{"@type":"PropertyValueSpecification","valueRequired":true,"valueName":"search_term_string"}}],"inLanguage":"it-IT"}]}},"_links":{"self":[{"href":"https:\/\/www.bergbauernhilfe.it\/it\/wp-json\/wp\/v2\/pages\/19896","targetHints":{"allow":["GET"]}}],"collection":[{"href":"https:\/\/www.bergbauernhilfe.it\/it\/wp-json\/wp\/v2\/pages"}],"about":[{"href":"https:\/\/www.bergbauernhilfe.it\/it\/wp-json\/wp\/v2\/types\/page"}],"author":[{"embeddable":true,"href":"https:\/\/www.bergbauernhilfe.it\/it\/wp-json\/wp\/v2\/users\/1"}],"replies":[{"embeddable":true,"href":"https:\/\/www.bergbauernhilfe.it\/it\/wp-json\/wp\/v2\/comments?post=19896"}],"version-history":[{"count":0,"href":"https:\/\/www.bergbauernhilfe.it\/it\/wp-json\/wp\/v2\/pages\/19896\/revisions"}],"wp:attachment":[{"href":"https:\/\/www.bergbauernhilfe.it\/it\/wp-json\/wp\/v2\/media?parent=19896"}],"curies":[{"name":"wp","href":"https:\/\/api.w.org\/{rel}","templated":true}]}}